{"id":51,"date":"2020-05-20T17:13:40","date_gmt":"2020-05-20T17:13:40","guid":{"rendered":"http:\/\/www.ulissesaraujo.com\/?page_id=51"},"modified":"2020-05-29T11:15:29","modified_gmt":"2020-05-29T11:15:29","slug":"curriculo","status":"publish","type":"page","link":"http:\/\/ulissesaraujo.com\/en\/curriculo\/","title":{"rendered":"Curriculum Vitae"},"content":{"rendered":"<p><!--vcv no format--><\/p>\n<div class=\"vce-row-container\">\n<div class=\"vce-row vce-row--col-gap-0 vce-row-no-paddings vce-row-equal-height vce-row-columns--top vce-row-content--middle\" data-vce-full-width=\"true\" data-vce-stretch-content=\"true\" id=\"el-6adc88ac\" data-vce-do-apply=\"all el-6adc88ac\">\n<div class=\"vce-content-background-container\"><\/div>\n<div class=\"vce-row-content\" data-vce-element-content=\"true\">\n<div class=\"vce-col vce-col--md-auto vce-col--xs-1 vce-col--xs-last vce-col--xs-first vce-col--sm-last vce-col--sm-first vce-col--md-last vce-col--lg-last vce-col--xl-last vce-col--md-first vce-col--lg-first vce-col--xl-first\" id=\"el-78d5d8ad\">\n<div class=\"vce-col-inner\" data-vce-do-apply=\"border margin background  el-78d5d8ad\">\n<div class=\"vce-content-background-container\"><\/div>\n<div class=\"vce-col-content\" data-vce-element-content=\"true\" data-vce-do-apply=\"padding el-78d5d8ad\">\n<div class=\"vce-single-image-container vce-single-image--align-center\">\n<div class=\"vce vce-single-image-wrapper\" id=\"el-f395a053\" data-vce-do-apply=\"all el-f395a053\">\n<figure>\n<div class=\"vce-single-image-inner vce-single-image--absolute\" style=\"padding-bottom: 37.4%; width: 2000px;\"><img decoding=\"async\" class=\"vce-single-image\" src=\"|!|vcvUploadUrl|!|\/2020\/05\/fundo-curriculo2.jpg\" data-img-src=\"|!|vcvUploadUrl|!|\/2020\/05\/fundo-curriculo2.jpg\" alt=\"\" title=\"\"><\/div><figcaption hidden=\"\"><\/figcaption><\/figure>\n<\/div>\n<\/div>\n<div class=\"vce-google-fonts-heading vce-google-fonts-heading--align-center vce-google-fonts-heading--color-b-88-202-255--45--5C00FF--FF7200 vce-google-fonts-heading--font-family-Lato\">\n<div class=\"vce-google-fonts-heading-wrapper\">\n<div class=\"vce-google-fonts-heading--background vce\" id=\"el-c06b915f\" data-vce-do-apply=\"border background  padding margin el-c06b915f\">\n<h1 class=\"vce-google-fonts-heading-inner\" style=\"font-size: 50px; font-weight: 700;\">Curriculum Vitae<\/h1>\n<\/div>\n<\/div>\n<\/div>\n<\/div>\n<\/div>\n<\/div>\n<\/div>\n<\/div>\n<\/div>\n<div class=\"vce-row-container\">\n<div class=\"vce-row vce-row--col-gap-30 vce-row-columns--top vce-row-content--top\" id=\"el-bea38165\" data-vce-do-apply=\"all el-bea38165\">\n<div class=\"vce-row-content\" data-vce-element-content=\"true\">\n<div class=\"vce-col vce-col--md-auto vce-col--xs-1 vce-col--xs-last vce-col--xs-first vce-col--sm-last vce-col--sm-first vce-col--md-last vce-col--lg-last vce-col--xl-last vce-col--md-first vce-col--lg-first vce-col--xl-first\" id=\"el-fb63dabb\">\n<div class=\"vce-col-inner\" data-vce-do-apply=\"border margin background  el-fb63dabb\">\n<div class=\"vce-col-content\" data-vce-element-content=\"true\" data-vce-do-apply=\"padding el-fb63dabb\">\n<div class=\"vce-text-block linklattes\">\n<div class=\"vce-text-block-wrapper vce\" id=\"el-8842a9ed\" data-vce-do-apply=\"all el-8842a9ed\">\n<p style=\"text-align: center;\"><a href=\"#formacao\">Education<\/a> | <a href=\"#profissional\">Professional Experience<\/a> | <a href=\"#areas\">Areas of Expertise<\/a><\/p>\n<\/div>\n<\/div>\n<\/div>\n<\/div>\n<\/div>\n<\/div>\n<\/div>\n<\/div>\n<div class=\"vce-row-container\" id=\"formacao\">\n<div class=\"vce-row vce-row--col-gap-0 vce-row-no-paddings vce-row-columns--top vce-row-content--top\" data-vce-full-width=\"true\" data-vce-stretch-content=\"true\" id=\"el-9b2966e4\" data-vce-do-apply=\"all el-9b2966e4\">\n<div class=\"vce-content-background-container\"><\/div>\n<div class=\"vce-row-content\" data-vce-element-content=\"true\">\n<div class=\"vce-col vce-col--md-auto vce-col--xs-1 vce-col--xs-last vce-col--xs-first vce-col--sm-last vce-col--sm-first vce-col--md-last vce-col--lg-last vce-col--xl-last vce-col--md-first vce-col--lg-first vce-col--xl-first\" id=\"el-0cecdc13\">\n<div class=\"vce-col-inner\" data-vce-do-apply=\"border margin background  el-0cecdc13\">\n<div class=\"vce-col-content\" data-vce-element-content=\"true\" data-vce-do-apply=\"padding el-0cecdc13\">\n<div class=\"vce-google-fonts-heading vce-google-fonts-heading--align-left vce-google-fonts-heading--color-b-72-75-199--45--5C00FF--FF7200 vce-google-fonts-heading--font-family-Lato\">\n<div class=\"vce-google-fonts-heading-wrapper\">\n<div class=\"vce-google-fonts-heading--background vce\" id=\"el-0df7394a\" data-vce-do-apply=\"border background  padding margin el-0df7394a\">\n<h3 class=\"vce-google-fonts-heading-inner\" style=\"font-weight: 700;\">Education<\/h3>\n<\/div>\n<\/div>\n<\/div>\n<div class=\"vce-text-block\">\n<div class=\"vce-text-block-wrapper vce\" id=\"el-9193064b\" data-vce-do-apply=\"all el-9193064b\">\n<p>2020<br \/><strong>Professor Visitante<\/strong><br \/>Harvard University Graduate School of Education<\/p>\n<p>2016<br \/><strong>Professor Visitante<\/strong><br \/>Stanford University School of Education<\/p>\n<p>2011<br \/><strong>Full Senior Professor<\/strong><br \/>Escola de Artes, Ci\u00eancias e Humanidades da Universidade de S\u00e3o Paulo<\/p>\n<p>2008<br \/><strong>P\u00f3s-doutorado em Educa\u00e7\u00e3o<\/strong><br \/>Stanford University School of Education<br \/>Respons\u00e1vel: William Damon<\/p>\n<p>2005<br \/><strong>Livre Doc\u00eancia em Educa\u00e7\u00e3o<\/strong><br \/>Faculdade de Educa\u00e7\u00e3o da Universidade de S\u00e3o Paulo<br \/>T\u00edtulo: Educa\u00e7\u00e3o em Valores e Democracia Escolar: Um Estudo de Psicologia e Educa\u00e7\u00e3o<\/p>\n<p>2004<br \/><strong>P\u00f3s-doutorado em Psicologia B\u00e1sica<\/strong><br \/>Faculdad de Psicologia \/ Universidad de Barcelona (Espanha)<br \/>Respons\u00e1veis: Genoveva Sastre \/ Montserrat Moreno \/ Josep Puig<\/p>\n<p>1994-1998<br \/><strong>Doutorado em Psicologia Escolar e do Desenvolvimento Humano<\/strong><br \/>USP \u2013 Universidade de S\u00e3o Paulo (S\u00e3o Paulo-SP)<br \/>T\u00edtulo: O sentimento de vergonha como um regulador moral<br \/>Orientador: Yves Joel Jean Marie Rodolphe De La Taille<\/p>\n<p>1996-1996<br \/>Doutorado \u201cSandwich\u201d<br \/>Universidad de Barcelona (Espanha)<br \/>\u00c1rea de Psicologia Educacional<\/p>\n<p>1989-1993<br \/><strong>Mestrado em Educa\u00e7\u00e3o<\/strong><br \/>Unicamp \u2013 Universidade Estadual de Campinas (Campinas-SP)<br \/>T\u00edtulo: Um Estudo sobre as rela\u00e7\u00f5es entre o ambiente cooperativo e o julgamento moral na crian\u00e7a<br \/>Orientadora: Orly Zucatto Mantovani de Assis<\/p>\n<p>1985-1988<br \/><strong>Gradua\u00e7\u00e3o em Pedagogia<\/strong><br \/>UCG \u2013 Universidade Cat\u00f3lica de Goi\u00e1s (Goi\u00e2nia-GO)<\/p>\n<\/div>\n<\/div>\n<\/div>\n<\/div>\n<\/div>\n<\/div>\n<\/div>\n<\/div>\n<div class=\"vce-row-container\" id=\"profissional\">\n<div class=\"vce-row vce-row--col-gap-0 vce-row-no-paddings vce-row-columns--top vce-row-content--top\" data-vce-full-width=\"true\" data-vce-stretch-content=\"true\" id=\"el-8eacdb7c\" data-vce-do-apply=\"all el-8eacdb7c\">\n<div class=\"vce-content-background-container\"><\/div>\n<div class=\"vce-row-content\" data-vce-element-content=\"true\">\n<div class=\"vce-col vce-col--md-auto vce-col--xs-1 vce-col--xs-last vce-col--xs-first vce-col--sm-last vce-col--sm-first vce-col--md-last vce-col--lg-last vce-col--xl-last vce-col--md-first vce-col--lg-first vce-col--xl-first\" id=\"el-51a21c10\">\n<div class=\"vce-col-inner\" data-vce-do-apply=\"border margin background  el-51a21c10\">\n<div class=\"vce-col-content\" data-vce-element-content=\"true\" data-vce-do-apply=\"padding el-51a21c10\">\n<div class=\"vce-google-fonts-heading vce-google-fonts-heading--align-left vce-google-fonts-heading--color-b-72-75-199--45--5C00FF--FF7200 vce-google-fonts-heading--font-family-Lato\">\n<div class=\"vce-google-fonts-heading-wrapper\">\n<div class=\"vce-google-fonts-heading--background vce\" id=\"el-7f5d0b36\" data-vce-do-apply=\"border background  padding margin el-7f5d0b36\">\n<h3 class=\"vce-google-fonts-heading-inner\" style=\"font-weight: 700;\">Professional Experience<\/h3>\n<\/div>\n<\/div>\n<\/div>\n<div class=\"vce-text-block\">\n<div class=\"vce-text-block-wrapper vce\" id=\"el-b1a9bf60\" data-vce-do-apply=\"all el-b1a9bf60\">\n<div class=\"curriculo\">\n<p class=\"data\">2014-2017<\/p>\n<p><strong>Assessor Pedag\u00f3gico da UNIVESP \u2013 Universidade Virtual do Estado de S\u00e3o Paulo<\/strong><\/p>\n<p class=\"data\">2011-2014<\/p>\n<p><strong>Superintendente Adjunto de Rela\u00e7\u00f5es Institucionais da Universidade de S\u00e3o Paulo<\/strong><\/p>\n<p class=\"data\">2005-Atual<\/p>\n<p><strong>USP Leste \u2013 Universidade de S\u00e3o Paulo \u2013 Leste<\/strong><\/p>\n<p>Escola de artes, Ci\u00eancias e Humanidades<\/p>\n<ul>\n<li>Vice-coordenador do Ciclo B\u00e1sico<\/li>\n<li>Membro do CIPECC \u2013 Centro Interdisciplinar de Pesquisas em Complexidade e Cidadania<\/li>\n<li>Presidente da Comiss\u00e3o de Pesquisa e de P\u00f3s-Gradua\u00e7\u00e3o<\/li>\n<\/ul>\n<p class=\"data\">1996-2005<\/p>\n<p><strong>UNICAMP \u2013 Universidade Estadual de Campinas<\/strong><\/p>\n<p>Faculdade de Educa\u00e7\u00e3o<\/p>\n<ul>\n<li>Professor do Departamento de Psicologia Educacional<\/li>\n<li>Membro da \u00e1rea de Ensino, Avalia\u00e7\u00e3o e Forma\u00e7\u00e3o de Professores do Programa de P\u00f3s-Gradua\u00e7\u00e3o em Educa\u00e7\u00e3o<\/li>\n<li>Membro do LEPED \u2013 Laborat\u00f3rio de Estudos e Pesquisas em Ensino e Diversidade<\/li>\n<\/ul>\n<p class=\"data\">1995-1996<\/p>\n<p><strong>UNESP \u2013 Universidade Estadual Paulista J\u00falio de Mesquita Filho<\/strong><\/p>\n<p>Campus de Rio Claro<\/p>\n<p class=\"data\">1991-1995<\/p>\n<p><strong>UNESP \u2013 Universidade Estadual Paulista J\u00falio de Mesquita Filho<\/strong><\/p>\n<p>Campus de Mar\u00edlia<\/p>\n<p class=\"data\">1990-1991<\/p>\n<p><strong>PUCCAMP \u2013 Pontif\u00edcia Universidade Cat\u00f3lica de Campinas<\/strong><\/p>\n<p class=\"&quot;data\">1990-1991<\/p>\n<p><strong>CEFAM \u2013 Centro de Forma\u00e7\u00e3o e Aperfei\u00e7oamento do Magist\u00e9rio<\/strong><\/p>\n<\/div>\n<\/div>\n<\/div>\n<\/div>\n<\/div>\n<\/div>\n<\/div>\n<\/div>\n<\/div>\n<div class=\"vce-row-container\" id=\"areas\">\n<div class=\"vce-row vce-row--col-gap-0 vce-row-no-paddings vce-row-columns--top vce-row-content--top\" data-vce-full-width=\"true\" data-vce-stretch-content=\"true\" id=\"el-5ad6c942\" data-vce-do-apply=\"all el-5ad6c942\">\n<div class=\"vce-content-background-container\"><\/div>\n<div class=\"vce-row-content\" data-vce-element-content=\"true\">\n<div class=\"vce-col vce-col--md-auto vce-col--xs-1 vce-col--xs-last vce-col--xs-first vce-col--sm-last vce-col--sm-first vce-col--md-last vce-col--lg-last vce-col--xl-last vce-col--md-first vce-col--lg-first vce-col--xl-first\" id=\"el-7a81010d\">\n<div class=\"vce-col-inner\" data-vce-do-apply=\"border margin background  el-7a81010d\">\n<div class=\"vce-col-content\" data-vce-element-content=\"true\" data-vce-do-apply=\"padding el-7a81010d\">\n<div id=\"areas\" class=\"vce-google-fonts-heading vce-google-fonts-heading--align-left vce-google-fonts-heading--color-b-72-75-199--45--5C00FF--FF7200 vce-google-fonts-heading--font-family-Lato\">\n<div class=\"vce-google-fonts-heading-wrapper\">\n<div class=\"vce-google-fonts-heading--background vce\" id=\"el-d5575379\" data-vce-do-apply=\"border background  padding margin el-d5575379\">\n<h3 class=\"vce-google-fonts-heading-inner\" style=\"font-weight: 700;\">Areas of Expertise<\/h3>\n<\/div>\n<\/div>\n<\/div>\n<div class=\"vce-text-block linklattes\">\n<div class=\"vce-text-block-wrapper vce\" id=\"el-97499027\" data-vce-do-apply=\"all el-97499027\">\n<ul>\n<li>Moral Psychology<\/li>\n<li>Distance Learning<\/li>\n<li>Moral Education<\/li>\n<li>Active Learning Methodologies<\/li>\n<li>Cross-curricular development<\/li>\n<li>Problem-Based Learning<\/li>\n<li>Teachers' Professional Development<\/li>\n<\/ul>\n<p>&nbsp;<\/p>\n<p><b>Curr\u00edculo Lattes: <\/b><a class=\"linklattes\" href=\"http:\/\/lattes.cnpq.br\/5882324619201254\" target=\"_blank\" rel=\"noopener noreferrer\">http:\/\/lattes.cnpq.br\/5882324619201254<\/a><\/p>\n<\/div>\n<\/div>\n<\/div>\n<\/div>\n<\/div>\n<\/div>\n<\/div>\n<\/div>\n<p><!--vcv no format--><\/p>","protected":false},"excerpt":{"rendered":"<p>Curriculum Vitae Forma\u00e7\u00e3o | Atua\u00e7\u00e3o profissional | \u00c1reas de atua\u00e7\u00e3o Forma\u00e7\u00e3o 2020Professor VisitanteHarvard University Graduate School of Education 2016Professor VisitanteStanford University School of Education 2011Professor TitularEscola de Artes, Ci\u00eancias e Humanidades da Universidade de S\u00e3o Paulo 2008P\u00f3s-doutorado em Educa\u00e7\u00e3oStanford University School of EducationRespons\u00e1vel: William Damon 2005Livre Doc\u00eancia em Educa\u00e7\u00e3oFaculdade de Educa\u00e7\u00e3o da Universidade de S\u00e3o &hellip; <\/p>\n<p><a class=\"more-link btn\" href=\"http:\/\/ulissesaraujo.com\/en\/curriculo\/\">Continue reading<\/a><\/p>","protected":false},"author":1,"featured_media":0,"parent":0,"menu_order":0,"comment_status":"closed","ping_status":"closed","template":"","meta":{"bgseo_title":"","bgseo_description":"","bgseo_robots_index":"index","bgseo_robots_follow":"follow","_monsterinsights_skip_tracking":false,"_monsterinsights_sitenote_active":false,"_monsterinsights_sitenote_note":"","_monsterinsights_sitenote_category":0,"footnotes":""},"class_list":["post-51","page","type-page","status-publish","hentry","nodate","item-wrap"],"_links":{"self":[{"href":"http:\/\/ulissesaraujo.com\/en\/wp-json\/wp\/v2\/pages\/51","targetHints":{"allow":["GET"]}}],"collection":[{"href":"http:\/\/ulissesaraujo.com\/en\/wp-json\/wp\/v2\/pages"}],"about":[{"href":"http:\/\/ulissesaraujo.com\/en\/wp-json\/wp\/v2\/types\/page"}],"author":[{"embeddable":true,"href":"http:\/\/ulissesaraujo.com\/en\/wp-json\/wp\/v2\/users\/1"}],"replies":[{"embeddable":true,"href":"http:\/\/ulissesaraujo.com\/en\/wp-json\/wp\/v2\/comments?post=51"}],"version-history":[{"count":10,"href":"http:\/\/ulissesaraujo.com\/en\/wp-json\/wp\/v2\/pages\/51\/revisions"}],"predecessor-version":[{"id":692,"href":"http:\/\/ulissesaraujo.com\/en\/wp-json\/wp\/v2\/pages\/51\/revisions\/692"}],"wp:attachment":[{"href":"http:\/\/ulissesaraujo.com\/en\/wp-json\/wp\/v2\/media?parent=51"}],"curies":[{"name":"wp","href":"https:\/\/api.w.org\/{rel}","templated":true}]}}