{"id":56,"date":"2020-05-20T17:15:11","date_gmt":"2020-05-20T17:15:11","guid":{"rendered":"http:\/\/www.ulissesaraujo.com\/?page_id=56"},"modified":"2021-04-20T23:36:40","modified_gmt":"2021-04-20T23:36:40","slug":"orientacoes","status":"publish","type":"page","link":"http:\/\/ulissesaraujo.com\/en\/orientacoes\/","title":{"rendered":"Advised Graduate Thesis"},"content":{"rendered":"<p><!--vcv no format--><\/p>\n<div class=\"vce-row-container\">\n<div class=\"vce-row vce-row--col-gap-0 vce-row-no-paddings vce-row-equal-height vce-row-content--top\" data-vce-full-width=\"true\" data-vce-stretch-content=\"true\" id=\"el-90ff145c\" data-vce-do-apply=\"all el-90ff145c\">\n<div class=\"vce-row-content\" data-vce-element-content=\"true\">\n<div class=\"vce-col vce-col--md-auto vce-col--xs-1 vce-col--xs-last vce-col--xs-first vce-col--sm-last vce-col--sm-first vce-col--md-last vce-col--lg-last vce-col--xl-last vce-col--md-first vce-col--lg-first vce-col--xl-first\" id=\"el-02ca4434\">\n<div class=\"vce-col-inner\" data-vce-do-apply=\"border margin background  el-02ca4434\">\n<div class=\"vce-col-content\" data-vce-element-content=\"true\" data-vce-do-apply=\"padding el-02ca4434\">\n<div class=\"vce-single-image-container vce-single-image--align-center\">\n<div class=\"vce vce-single-image-wrapper\" id=\"el-290b5ba3\" data-vce-do-apply=\"all el-290b5ba3\">\n<figure>\n<div class=\"vce-single-image-inner vce-single-image--absolute\" style=\"padding-bottom: 37.4%; width: 2000px;\"><img decoding=\"async\" class=\"vce-single-image\" src=\"|!|vcvUploadUrl|!|\/2020\/05\/fundo-orientacao.jpg\" data-img-src=\"|!|vcvUploadUrl|!|\/2020\/05\/fundo-orientacao.jpg\" alt=\"\" title=\"\"><\/div><figcaption hidden=\"\"><\/figcaption><\/figure>\n<\/div>\n<\/div>\n<div class=\"vce-google-fonts-heading vce-google-fonts-heading--align-center vce-google-fonts-heading--color-b-88-202-255--45--5C00FF--FF7200 vce-google-fonts-heading--font-family-Lato\">\n<div class=\"vce-google-fonts-heading-wrapper\">\n<div class=\"vce-google-fonts-heading--background vce\" id=\"el-56db77a3\" data-vce-do-apply=\"border background  padding margin el-56db77a3\">\n<h1 class=\"vce-google-fonts-heading-inner\" style=\"font-size: 50px; font-weight: 700;\">Advised Graduate Thesis<\/h1>\n<\/div>\n<\/div>\n<\/div>\n<\/div>\n<\/div>\n<\/div>\n<\/div>\n<\/div>\n<\/div>\n<div class=\"vce-row-container\">\n<div class=\"vce-row vce-row--col-gap-0 vce-row-no-paddings vce-row-content--top\" data-vce-full-width=\"true\" data-vce-stretch-content=\"true\" id=\"el-c5f0f3f9\" data-vce-do-apply=\"all el-c5f0f3f9\">\n<div class=\"vce-content-background-container\"><\/div>\n<div class=\"vce-row-content\" data-vce-element-content=\"true\">\n<div class=\"vce-col vce-col--md-auto vce-col--xs-1 vce-col--xs-last vce-col--xs-first vce-col--sm-last vce-col--sm-first vce-col--md-last vce-col--lg-last vce-col--xl-last vce-col--md-first vce-col--lg-first vce-col--xl-first\" id=\"el-3b5bdeed\">\n<div class=\"vce-col-inner\" data-vce-do-apply=\"border margin background  el-3b5bdeed\">\n<div class=\"vce-col-content\" data-vce-element-content=\"true\" data-vce-do-apply=\"padding el-3b5bdeed\">\n<div class=\"vce-text-block linklattes\">\n<div class=\"vce-text-block-wrapper vce\" id=\"el-9491d5bd\" data-vce-do-apply=\"all el-9491d5bd\">\n<p style=\"text-align: center;\"><a href=\"#andam\">Being advised<\/a> | <a href=\"#conclu\">Finished<\/a><\/p>\n<\/div>\n<\/div>\n<\/div>\n<\/div>\n<\/div>\n<\/div>\n<\/div>\n<\/div>\n<div class=\"vce-row-container\" id=\"andam\" data-vce-boxed-width=\"true\">\n<div class=\"vce-row vce-row--col-gap-30 vce-row-content--top\" id=\"el-c6f89b27\" data-vce-do-apply=\"all el-c6f89b27\">\n<div class=\"vce-content-background-container\"><\/div>\n<div class=\"vce-row-content\" data-vce-element-content=\"true\">\n<div class=\"vce-col vce-col--md-auto vce-col--xs-1 vce-col--xs-last vce-col--xs-first vce-col--sm-last vce-col--sm-first vce-col--md-last vce-col--lg-last vce-col--xl-last vce-col--md-first vce-col--lg-first vce-col--xl-first\" id=\"el-584d3537\">\n<div class=\"vce-col-inner\" data-vce-do-apply=\"border margin background  el-584d3537\">\n<div class=\"vce-col-content\" data-vce-element-content=\"true\" data-vce-do-apply=\"padding el-584d3537\">\n<div class=\"vce-google-fonts-heading vce-google-fonts-heading--align-left vce-google-fonts-heading--color-b-72-75-199--45--5C00FF--FF7200 vce-google-fonts-heading--font-family-Lato\">\n<div class=\"vce-google-fonts-heading-wrapper\">\n<div class=\"vce-google-fonts-heading--background vce\" id=\"el-a6828016\" data-vce-do-apply=\"border background  padding margin el-a6828016\">\n<h3 class=\"vce-google-fonts-heading-inner\" style=\"font-weight: 700;\">Doctoral and Master Thesis being advised<\/h3>\n<\/div>\n<\/div>\n<\/div>\n<div class=\"vce-text-block\">\n<div class=\"vce-text-block-wrapper vce\" id=\"el-9ff409cc\" data-vce-do-apply=\"all el-9ff409cc\">\n<div class=\"orientacoes\">\n<p class=\"nome\">Paulo Em\u00edlio Andrade<\/p>\n<p><b>Institui\u00e7\u00e3o:<\/b> FEUSP<\/p>\n<p><b>Title:<\/b> Excellence, Ethics, and Engagement in education<\/p>\n<p><b>Level:<\/b> Doctorate<\/p>\n<p class=\"nome\">Paloma Epprecht e Machado de Campos Chaves<\/p>\n<p><b>Institui\u00e7\u00e3o:<\/b> FEUSP<\/p>\n<p><b>Title:<\/b> The active learning methods at the IFSP<\/p>\n<p><b>Level:<\/b> Doctorate<\/p>\n<p class=\"nome\">Douglas da Silva Pereira<\/p>\n<p><b>Institui\u00e7\u00e3o:<\/b> FEUSP<\/p>\n<p><b>Title:<\/b> Happiness and life meaning of educators in Sao Paulo<\/p>\n<p><b>Level:<\/b> Doctorate<\/p>\n<p>&nbsp;<\/p>\n<\/div>\n<\/div>\n<\/div>\n<\/div>\n<\/div>\n<\/div>\n<\/div>\n<\/div>\n<\/div>\n<div class=\"vce-row-container\" id=\"conclu\" data-vce-boxed-width=\"true\">\n<div class=\"vce-row vce-row--col-gap-30 vce-row-content--top\" id=\"el-4ad50676\" data-vce-do-apply=\"all el-4ad50676\">\n<div class=\"vce-content-background-container\"><\/div>\n<div class=\"vce-row-content\" data-vce-element-content=\"true\">\n<div class=\"vce-col vce-col--md-auto vce-col--xs-1 vce-col--xs-last vce-col--xs-first vce-col--sm-last vce-col--sm-first vce-col--md-last vce-col--lg-last vce-col--xl-last vce-col--md-first vce-col--lg-first vce-col--xl-first\" id=\"el-f946acde\">\n<div class=\"vce-col-inner\" data-vce-do-apply=\"border margin background  el-f946acde\">\n<div class=\"vce-col-content\" data-vce-element-content=\"true\" data-vce-do-apply=\"padding el-f946acde\">\n<div class=\"vce-google-fonts-heading vce-google-fonts-heading--align-left vce-google-fonts-heading--color-b-72-75-199--45--5C00FF--FF7200 vce-google-fonts-heading--font-family-Lato\">\n<div class=\"vce-google-fonts-heading-wrapper\">\n<div class=\"vce-google-fonts-heading--background vce\" id=\"el-e14f4300\" data-vce-do-apply=\"border background  padding margin el-e14f4300\">\n<h3 class=\"vce-google-fonts-heading-inner\" style=\"font-weight: 700;\">Past advised thesis<\/h3>\n<\/div>\n<\/div>\n<\/div>\n<div class=\"vce-text-block linklattes\">\n<div class=\"vce-text-block-wrapper vce\" id=\"el-88e1c6d0\" data-vce-do-apply=\"all el-88e1c6d0\">\n<div class=\"orientacoes\">\n<p class=\"nome\">Patrick Marinho Duarte<\/p>\n<p><strong>Ano da defesa:<\/strong> 2021 (FEUSP)<\/p>\n<p><b>Title:<\/b>&nbsp; As compet\u00eancias e habilidades socioemocionais necess\u00e1rias aos professores do s\u00e9culo XXI: Um estudo \u00e0 luz da \u00e9tica, da excel\u00eancia e do engajamento<\/p>\n<p><b>Level:<\/b> Master:<\/p>\n<p class=\"nome\">Maria Helena Antunes<\/p>\n<p>Ano da defesa: 2020 (FEUSP)<\/p>\n<p><b>Title: <\/b>Educa\u00e7\u00e3o ambiental e metodologias ativas: perspectivas e caminhos<\/p>\n<p><strong>N\u00edvel<\/strong>: Doutorado<\/p>\n<p><span style=\"color: #00ccff;\"><a style=\"color: #00ccff;\" href=\"https:\/\/www.teses.usp.br\/teses\/disponiveis\/48\/48134\/tde-16022021-115104\/\" target=\"_blank\" rel=\"noopener\">Clique aqui para fazer download da tese (.PDF)<\/a><\/span><\/p>\n<p class=\"nome\">Marco Antonio Morgado da Silva<\/p>\n<p><b>Ano da defesa:<\/b> 2020 (FEUSP)<\/p>\n<p><b>Title:<\/b> Integra\u00e7\u00e3o de valores morais \u00e0s representa\u00e7\u00f5es de si de adolescentes<\/p>\n<p><b>Level:<\/b> Doctorate<\/p>\n<p><span style=\"color: #00ccff;\"><a style=\"color: #00ccff;\" href=\"https:\/\/www.teses.usp.br\/teses\/disponiveis\/48\/48134\/tde-29092020-162754\/\" target=\"_blank\" rel=\"noopener\">Clique aqui para fazer download da tese (.PDF)<\/a><\/span><\/p>\n<p class=\"nome\">Daniela Haertel<\/p>\n<p><b>Ano da defesa:<\/b> 2018 (FEUSP)<\/p>\n<p><b>Title:<\/b> Projetos de vida de jovens universit\u00e1rios: um estudo sobre engajamento social e projeto de vida<\/p>\n<p><b>Level:<\/b> Doctorate<\/p>\n<p><span style=\"color: #00ccff;\"><a style=\"color: #00ccff;\" href=\"https:\/\/teses.usp.br\/teses\/disponiveis\/48\/48134\/tde-11122018-095813\/pt-br.php\" target=\"_blank\" rel=\"noopener\">Clique aqui para fazer download da tese (.PDF)<\/a><\/span><\/p>\n<p class=\"nome\">Bruno de Souza Silva<\/p>\n<p><b>Ano da defesa:<\/b> 2018 (FEUSP)<\/p>\n<p><b>Title:<\/b> Escola e forma\u00e7\u00e3o para a democracia: o caso do projeto \u00e2ncora<\/p>\n<p><b>Level:<\/b> Master:<\/p>\n<p><span style=\"color: #00ccff;\"><a style=\"color: #00ccff;\" href=\"https:\/\/teses.usp.br\/teses\/disponiveis\/48\/48134\/tde-28112018-143815\/pt-br.php\" target=\"_blank\" rel=\"noopener\">Clique aqui para fazer download da tese (.PDF)<\/a><\/span><\/p>\n<p class=\"nome\">Douglas da Silveira Pereira<\/p>\n<p><b>Ano da defesa:<\/b> 2018 (FEUSP)<\/p>\n<p><b>Title:<\/b> Felicidade e significado: Um estudo sobre o bem-estar dos profissionais da Educa\u00e7\u00e3o do Estado de S\u00e3o Paulo<\/p>\n<p><b>Level:<\/b> Master:<\/p>\n<p><span style=\"color: #00ccff;\"><a style=\"color: #00ccff;\" href=\"https:\/\/teses.usp.br\/teses\/disponiveis\/48\/48134\/tde-08052018-110949\/pt-br.php\" target=\"_blank\" rel=\"noopener\">Clique aqui para fazer download da tese (.PDF)<\/a><\/span><\/p>\n<p class=\"nome\">Cust\u00f3dio Cruz e Silva<\/p>\n<p><b>Ano da defesa:<\/b> 2016 (FEUSP)<\/p>\n<p><b>Title:<\/b> Os impactos do curso de especializa\u00e7\u00e3o em \u00c9tica, Valores e Cidadania nas concep\u00e7\u00f5es e pr\u00e1tica profissional dos professores<\/p>\n<p><b>Level:<\/b> Master:<\/p>\n<p><span style=\"color: #00ccff;\"><a style=\"color: #00ccff;\" href=\"http:\/\/www.teses.usp.br\/teses\/disponiveis\/48\/48134\/tde-21122016-090552\/\" target=\"_blank\" rel=\"noopener\">Clique aqui para fazer download da tese (.PDF)<\/a><\/span><\/p>\n<p class=\"nome\">Mauro Torres Siqueira<\/p>\n<p><b>Ano da defesa:<\/b> 2015 (FEUSP)<\/p>\n<p><b>Title:<\/b> Pensamentos, sentimentos e preconceitos entre jovens da periferia de S\u00e3o Paulo: um estudo a partir da teoria dos Modelos Organizadores do Pensamento<\/p>\n<p><b>Level:<\/b> Doctorate<\/p>\n<p><span style=\"color: #00ccff;\"><a style=\"color: #00ccff;\" href=\"http:\/\/www.teses.usp.br\/teses\/disponiveis\/48\/48134\/tde-19112015-131005\/\" target=\"_blank\" rel=\"noopener\">Clique aqui para fazer download da tese (.PDF)<\/a><\/span><\/p>\n<p class=\"nome\">Carolina Costa Cavalcanti<\/p>\n<p><b>Ano da defesa:<\/b> 2015 (FEUSP)<\/p>\n<p><b>Title:<\/b> Contribui\u00e7\u00f5es do Design Thinking para concep\u00e7\u00e3o de interfaces de ambientes virtuais de aprendizagem centradas no ser humano<\/p>\n<p><b>Level:<\/b> Doctorate<\/p>\n<p><span style=\"color: #00ccff;\"><a style=\"color: #00ccff;\" href=\"http:\/\/www.teses.usp.br\/teses\/disponiveis\/48\/48134\/tde-17092015-135404\/\" target=\"_blank\" rel=\"noopener\">Clique aqui para fazer download da tese (.PDF)<\/a><\/span><\/p>\n<p class=\"nome\">Marco Antonio Morgado da Silva<\/p>\n<p><b>Ano da defesa:<\/b> 2015 (FEUSP)<\/p>\n<p><b>Title:<\/b> Educa\u00e7\u00e3o ambiental para a cidadania e a constru\u00e7\u00e3o de valores morais: Di\u00e1logos entre pesquisa e interven\u00e7\u00e3o<\/p>\n<p><b>Level:<\/b> Master:<\/p>\n<p><span style=\"color: #00ccff;\"><a style=\"color: #00ccff;\" href=\"http:\/\/www.teses.usp.br\/teses\/disponiveis\/48\/48134\/tde-12052015-142113\/\" target=\"_blank\" rel=\"noopener\">Clique aqui para fazer download da tese (.PDF)<\/a><\/span><\/p>\n<p class=\"nome\">Juliana Franzi<\/p>\n<p><b>Ano da defesa:<\/b> 2013 (FEUSP)<\/p>\n<p><b>Title:<\/b> Rela\u00e7\u00f5es afetivo-amorosas na juventude: Uma an\u00e1lise a partir da teoria dos Modelos Organizadores do Pensamento<\/p>\n<p><b>Level:<\/b> Doctorate<\/p>\n<p><span style=\"color: #00ccff;\"><a style=\"color: #00ccff;\" href=\"http:\/\/www.teses.usp.br\/teses\/disponiveis\/48\/48134\/tde-11122013-145617\/\" target=\"_blank\" rel=\"noopener\">Clique aqui para fazer download da tese (.PDF)<\/a><\/span><\/p>\n<p class=\"nome\">Miriam Brito Guimar\u00e3es<\/p>\n<p><b>Ano da defesa:<\/b> 2013 (FEUSP)<\/p>\n<p><b>Title:<\/b> Heterogeneidade na sala de aula: as representa\u00e7\u00f5es dos professores de anos iniciais da educa\u00e7\u00e3o b\u00e1sica<\/p>\n<p><b>Level:<\/b> Master:<\/p>\n<p><span style=\"color: #00ccff;\"><a style=\"color: #00ccff;\" href=\"http:\/\/www.teses.usp.br\/teses\/disponiveis\/48\/48134\/tde-28012014-100610\/\" target=\"_blank\" rel=\"noopener\">Clique aqui para fazer download da tese (.PDF)<\/a><\/span><\/p>\n<p class=\"nome\">Daniela Haertel<\/p>\n<p><b>Ano da defesa:<\/b> 2012 (FEUSP)<\/p>\n<p><b>Title:<\/b> Projetos de vida e projetos vitais: Um estudo sobre projetos de jovens estudantes em condi\u00e7\u00f5es de vulnerabilidade social da cidade de S\u00e3o Paulo<\/p>\n<p><b>Level:<\/b> Master:<\/p>\n<p><span style=\"color: #00ccff;\"><a style=\"color: #00ccff;\" href=\"http:\/\/www.teses.usp.br\/teses\/disponiveis\/48\/48134\/tde-05022013-104615\/\" target=\"_blank\" rel=\"noopener\">Clique aqui para fazer download da tese (.PDF)<\/a><\/span><\/p>\n<p class=\"nome\">Leonardo Lemos de Souza<\/p>\n<p><b>Ano da defesa:<\/b> 2008 (FE\/UNICAMP)<\/p>\n<p><b>Title:<\/b> Modelos Organizadores, g\u00eanero e moral na resolu\u00e7\u00e3o de conflitos entre jovens na escola<\/p>\n<p><b>Level:<\/b> Doctorate<\/p>\n<p><span style=\"color: #00ccff;\"><a style=\"color: #00ccff;\" href=\"http:\/\/repositorio.unicamp.br\/handle\/REPOSIP\/251825\" target=\"_blank\" rel=\"noopener\">Clique aqui para fazer download da tese (.PDF)<\/a><\/span><\/p>\n<p class=\"nome\">Suselei Aparecida Bedin Affonso<\/p>\n<p><b>Ano da defesa:<\/b> 2008 (FE\/UNICAMP)<\/p>\n<p><b>Title:<\/b> Estados emocionais e os Modelos Organizadores do Pensamento: Um estudo sobre viol\u00eancia de g\u00eanero<\/p>\n<p><b>Level:<\/b> Doctorate<\/p>\n<p><span style=\"color: #00ccff;\"><a style=\"color: #00ccff;\" href=\"http:\/\/repositorio.unicamp.br\/handle\/REPOSIP\/251838\" target=\"blank\" rel=\"noopener\">Clique aqui para fazer download da tese (.PDF)<\/a><\/span><\/p>\n<p class=\"nome\">Silvia Maria Panattoni Martins<\/p>\n<p><b>Ano da defesa:<\/b> 2008 (FE\/UNICAMP)<\/p>\n<p><b>Title:<\/b> Modelos Organizadores, g\u00eanero e moral na resolu\u00e7\u00e3o de conflitos entre jovens na escola<\/p>\n<p><b>Level:<\/b> Doctorate<\/p>\n<p><a href=\"http:\/\/repositorio.unicamp.br\/handle\/REPOSIP\/251447\" target=\"_blank\" rel=\"noopener\"><span style=\"color: #00ccff;\">Clique aqui para fazer download da tese (.PDF<\/span>)<\/a><\/p>\n<p class=\"nome\">Kenya Gonsalves da Silva<\/p>\n<p><b>Ano da defesa:<\/b> 2008 (FE\/UNICAMP)<\/p>\n<p><b>Title:<\/b> Educa\u00e7\u00e3o comunit\u00e1ria e escola p\u00fablica: um estudo sobre a compreens\u00e3o de educa\u00e7\u00e3o comunit\u00e1ria de educadores e educadoras da rede municipal de ensino da cidade de S\u00e3o Paulo<\/p>\n<p><b>Level:<\/b> Master:<\/p>\n<p><span style=\"color: #00ccff;\"><a style=\"color: #00ccff;\" href=\"http:\/\/repositorio.unicamp.br\/handle\/REPOSIP\/252030\" target=\"_blank\" rel=\"noopener\">Clique aqui para fazer download da tese (.PDF)<\/a><\/span><\/p>\n<p class=\"nome\">Ricardo Fernandes P\u00e1taro<\/p>\n<p><b>Ano da defesa:<\/b> 2008 (FE\/UNICAMP)<\/p>\n<p><b>Title:<\/b> O trabalho com projetos na escola: um estudo a partir de teorias da complexidade, interdisciplinaridade e transversalidade<\/p>\n<p><b>Level:<\/b> Master:<\/p>\n<p><span style=\"color: #00ccff;\"><a style=\"color: #00ccff;\" href=\"http:\/\/repositorio.unicamp.br\/handle\/REPOSIP\/251955\" target=\"_blank\" rel=\"noopener\">Clique aqui para fazer download da tese (.PDF)<\/a><\/span><\/p>\n<p class=\"nome\">Cristina Sati\u00ea de Oliveira P\u00e1taro<\/p>\n<p><b>Ano da defesa:<\/b> 2006 (FE\/UNICAMP)<\/p>\n<p><b>Title:<\/b> Cultura e sujeito : o papel das cren\u00e7as na organiza\u00e7\u00e3o do pensamento humano<\/p>\n<p><b>Level:<\/b> Master:<\/p>\n<p><span style=\"color: #00ccff;\"><a style=\"color: #00ccff;\" href=\"http:\/\/repositorio.unicamp.br\/handle\/REPOSIP\/252374\" target=\"_blank\" rel=\"noopener\">Clique aqui para fazer download da tese (.PDF)<\/a><\/span><\/p>\n<p class=\"nome\">Issana Nascimento Rocha<\/p>\n<p><b>Ano da defesa:<\/b> 2006 (FE\/UNICAMP)<\/p>\n<p><b>Title:<\/b> Assembleias Docentes e Pr\u00e1ticas Dial\u00f3gicas: Um Estudo de Caso<\/p>\n<p><b>Level:<\/b> Master:<\/p>\n<p><span style=\"color: #00ccff;\"><a style=\"color: #00ccff;\" href=\"http:\/\/repositorio.unicamp.br\/handle\/REPOSIP\/252360\" target=\"_blank\" rel=\"noopener\">Clique aqui para fazer download da tese (.PDF)<\/a><\/span><\/p>\n<p class=\"nome\">Roberta Bailoni Marc\u00edlio<\/p>\n<p><b>Ano da defesa:<\/b> 2005 (FE\/UNICAMP)<\/p>\n<p><b>Title:<\/b> A democratiza\u00e7\u00e3o das rela\u00e7\u00f5es interpessoais na escola: um estudo sobre as assembleias de classe<\/p>\n<p><b>Level:<\/b> Master:<\/p>\n<p><span style=\"color: #00ccff;\"><a style=\"color: #00ccff;\" href=\"http:\/\/repositorio.unicamp.br\/handle\/REPOSIP\/252582\" target=\"_blank\" rel=\"noopener\">Clique aqui para fazer download da tese (.PDF)<\/a><\/span><\/p>\n<p class=\"nome\">Fausto Eduardo Menon Pinto<\/p>\n<p><b>Ano da defesa:<\/b> 2004 (FE\/UNICAMP)<\/p>\n<p><b>Title:<\/b> Por detr\u00e1s dos seus olhos : a afetividade na organiza\u00e7\u00e3o do racioc\u00ednio humano<\/p>\n<p><b>Level:<\/b> Master:<\/p>\n<p><span style=\"color: #00ccff;\"><a style=\"color: #00ccff;\" href=\"http:\/\/repositorio.unicamp.br\/handle\/REPOSIP\/252439\" target=\"_blank\" rel=\"noopener\">Clique aqui para fazer download da tese (.PDF)<\/a><\/span><\/p>\n<p class=\"nome\">Silvia Maria Panattoni Martins<\/p>\n<p><b>Ano da defesa:<\/b> 2003 (FE\/UNICAMP)<\/p>\n<p><b>Title:<\/b> Ju\u00edzo e A\u00e7\u00e3o Moral: Um Estudo na Perspectiva dos Modelos Organizadores do Pensamento<\/p>\n<p><b>Level:<\/b> Master:<\/p>\n<p><span style=\"color: #00ccff;\"><a style=\"color: #00ccff;\" href=\"http:\/\/repositorio.unicamp.br\/handle\/REPOSIP\/253524\" target=\"_blank\" rel=\"noopener\">Clique aqui para fazer download da tese (.PDF)<\/a><\/span><\/p>\n<p class=\"nome\">Suselei Aparecida Bedin Affonso<\/p>\n<p><b>Ano da defesa:<\/b> 2003 (FE\/UNICAMP)<\/p>\n<p><b>Title:<\/b> O Papel das Cren\u00e7as e dos Valores na Constru\u00e7\u00e3o de Novos Conhecimentos : Um Estudo na Perspectiva dos Modelos Organizadores do Conhecimento<\/p>\n<p><b>Level:<\/b> Master:<\/p>\n<p><span style=\"color: #00ccff;\"><a style=\"color: #00ccff;\" href=\"http:\/\/repositorio.unicamp.br\/handle\/REPOSIP\/253575\" target=\"_blank\" rel=\"noopener\">Clique aqui para fazer download da tese (.PDF)<\/a><\/span><\/p>\n<p class=\"nome\">Olinda Khury<\/p>\n<p><b>Ano da defesa:<\/b> 2003 (FE\/UNICAMP)<\/p>\n<p><b>Title:<\/b> Forma\u00e7\u00e3o de professores: uma experiencia que articula teoria e pr\u00e1tica<\/p>\n<p><b>Level:<\/b> Master:<\/p>\n<p><span style=\"color: #00ccff;\"><a style=\"color: #00ccff;\" href=\"http:\/\/repositorio.unicamp.br\/handle\/REPOSIP\/253147\" target=\"_blank\" rel=\"noopener\">Clique aqui para fazer download da tese (.PDF)<\/a><\/span><\/p>\n<p class=\"nome\">C\u00e2ndida Maria Santos Daltro Alves<\/p>\n<p><b>Ano da defesa:<\/b> 2002 (FE\/UNICAMP)<\/p>\n<p><b>Title:<\/b> (In)disciplina na escola: cenas da complexidade de um cotidiano escolar<\/p>\n<p><b>Level:<\/b> Master:<\/p>\n<p><span style=\"color: #00ccff;\"><a style=\"color: #00ccff;\" href=\"http:\/\/repositorio.unicamp.br\/handle\/REPOSIP\/251090\" target=\"_blank\" rel=\"noopener\">Clique aqui para fazer download da tese (.PDF)<\/a><\/span><\/p>\n<\/div>\n<\/div>\n<\/div>\n<\/div>\n<\/div>\n<\/div>\n<\/div>\n<\/div>\n<\/div>\n<p><!--vcv no format--><\/p>","protected":false},"excerpt":{"rendered":"<p>Orienta\u00e7\u00f5es Em andamento | Conclu\u00eddas Orienta\u00e7\u00f5es em andamento Paulo Em\u00edlio Andrade Institui\u00e7\u00e3o: FEUSP T\u00edtulo: Excel\u00eancia, \u00e9tica e engajamento na educa\u00e7\u00e3o N\u00edvel: Doutorado Paloma Epprecht e Machado de Campos Chaves Institui\u00e7\u00e3o: FEUSP T\u00edtulo: As Metodologias ativas de aprendizagem no IFSP N\u00edvel: Doutorado Douglas da Silva Pereira Institui\u00e7\u00e3o: FEUSP T\u00edtulo: Felicidade e sentido de vida de profissionais &hellip; <\/p>\n<p><a class=\"more-link btn\" href=\"http:\/\/ulissesaraujo.com\/en\/orientacoes\/\">Continue reading<\/a><\/p>","protected":false},"author":1,"featured_media":0,"parent":0,"menu_order":0,"comment_status":"closed","ping_status":"closed","template":"","meta":{"bgseo_title":"","bgseo_description":"","bgseo_robots_index":"index","bgseo_robots_follow":"follow","_monsterinsights_skip_tracking":false,"_monsterinsights_sitenote_active":false,"_monsterinsights_sitenote_note":"","_monsterinsights_sitenote_category":0,"footnotes":""},"class_list":["post-56","page","type-page","status-publish","hentry","nodate","item-wrap"],"_links":{"self":[{"href":"http:\/\/ulissesaraujo.com\/en\/wp-json\/wp\/v2\/pages\/56","targetHints":{"allow":["GET"]}}],"collection":[{"href":"http:\/\/ulissesaraujo.com\/en\/wp-json\/wp\/v2\/pages"}],"about":[{"href":"http:\/\/ulissesaraujo.com\/en\/wp-json\/wp\/v2\/types\/page"}],"author":[{"embeddable":true,"href":"http:\/\/ulissesaraujo.com\/en\/wp-json\/wp\/v2\/users\/1"}],"replies":[{"embeddable":true,"href":"http:\/\/ulissesaraujo.com\/en\/wp-json\/wp\/v2\/comments?post=56"}],"version-history":[{"count":10,"href":"http:\/\/ulissesaraujo.com\/en\/wp-json\/wp\/v2\/pages\/56\/revisions"}],"predecessor-version":[{"id":877,"href":"http:\/\/ulissesaraujo.com\/en\/wp-json\/wp\/v2\/pages\/56\/revisions\/877"}],"wp:attachment":[{"href":"http:\/\/ulissesaraujo.com\/en\/wp-json\/wp\/v2\/media?parent=56"}],"curies":[{"name":"wp","href":"https:\/\/api.w.org\/{rel}","templated":true}]}}