{"id":65,"date":"2020-05-20T17:16:52","date_gmt":"2020-05-20T17:16:52","guid":{"rendered":"http:\/\/www.ulissesaraujo.com\/?page_id=65"},"modified":"2020-05-27T13:12:40","modified_gmt":"2020-05-27T13:12:40","slug":"livros","status":"publish","type":"page","link":"http:\/\/ulissesaraujo.com\/en\/livros\/","title":{"rendered":"Livros"},"content":{"rendered":"<p><!--vcv no format--><\/p>\n<div class=\"vce-row-container\">\n<div class=\"vce-row vce-row--col-gap-0 vce-row-no-paddings vce-row-equal-height vce-row-columns--top vce-row-content--top\" data-vce-full-width=\"true\" data-vce-stretch-content=\"true\" id=\"el-7fa65025\" data-vce-do-apply=\"all el-7fa65025\">\n<div class=\"vce-content-background-container\"><\/div>\n<div class=\"vce-row-content\" data-vce-element-content=\"true\">\n<div class=\"vce-col vce-col--md-auto vce-col--xs-1 vce-col--xs-last vce-col--xs-first vce-col--sm-last vce-col--sm-first vce-col--md-last vce-col--lg-last vce-col--xl-last vce-col--md-first vce-col--lg-first vce-col--xl-first\" id=\"el-75804cc4\">\n<div class=\"vce-col-inner\" data-vce-do-apply=\"border margin background  el-75804cc4\">\n<div class=\"vce-col-content\" data-vce-element-content=\"true\" data-vce-do-apply=\"padding el-75804cc4\">\n<div class=\"vce-single-image-container vce-single-image--align-left\">\n<div class=\"vce vce-single-image-wrapper\" id=\"el-75db981b\" data-vce-do-apply=\"all el-75db981b\">\n<figure>\n<div class=\"vce-single-image-inner vce-single-image--absolute\" style=\"padding-bottom: 37.4%; width: 2000px;\"><img decoding=\"async\" class=\"vce-single-image\" src=\"|!|vcvUploadUrl|!|\/2020\/05\/fundo-books.jpg\" data-img-src=\"|!|vcvUploadUrl|!|\/2020\/05\/fundo-books.jpg\" alt=\"\" title=\"\"><\/div><figcaption hidden=\"\"><\/figcaption><\/figure>\n<\/div>\n<\/div>\n<div class=\"vce-google-fonts-heading vce-google-fonts-heading--align-center vce-google-fonts-heading--color-b-88-202-255--45--5C00FF--FF7200 vce-google-fonts-heading--font-family-Lato\">\n<div class=\"vce-google-fonts-heading-wrapper\">\n<div class=\"vce-google-fonts-heading--background vce\" id=\"el-a96a8b42\" data-vce-do-apply=\"border background  padding margin el-a96a8b42\">\n<h1 class=\"vce-google-fonts-heading-inner\" style=\"font-size: 50px; font-weight: 700;\">Download Books<\/h1>\n<\/div>\n<\/div>\n<\/div>\n<div class=\"vce-text-block paragrafo\">\n<div class=\"vce-text-block-wrapper vce\" id=\"el-aa920a38\" data-vce-do-apply=\"all el-aa920a38\">\n<p>Between 1998 and 2005, published by Editora Moderna and Vozes Editora, I edited over 30 books in many book series, written by national and foreign authors. With the discontinuity of these book series lately, and the cancellation of the contracts between the publishers and the authors, but also considering the quality of some of these books and their educational relevance, I decided to make some of them available on my personal website.<\/p>\n<p>They are all in Portuguese. Click on the book cover and download it.<\/p>\n<p>&nbsp;<\/p>\n<\/div>\n<\/div>\n<\/div>\n<\/div>\n<\/div>\n<\/div>\n<\/div>\n<\/div>\n<div class=\"vce-row-container\">\n<div class=\"vce-row vce-row--col-gap-15 vce-row-no-paddings vce-row-columns--top vce-row-content--top\" data-vce-full-width=\"true\" data-vce-stretch-content=\"true\" id=\"el-1f733544\" data-vce-do-apply=\"all el-1f733544\">\n<div class=\"vce-content-background-container\"><\/div>\n<div class=\"vce-row-content\" data-vce-element-content=\"true\">\n<div class=\"vce-col vce-col--md-auto vce-col--xs-1 vce-col--xs-last vce-col--xs-first vce-col--sm-last vce-col--sm-first vce-col--md-first vce-col--lg-first vce-col--xl-first\" id=\"el-84ea99e4\">\n<div class=\"vce-col-inner\" data-vce-do-apply=\"border margin background  el-84ea99e4\">\n<div class=\"vce-col-content\" data-vce-element-content=\"true\" data-vce-do-apply=\"padding el-84ea99e4\">\n<div class=\"vce-single-image-container livro vce-single-image--align-center\">\n<div class=\"vce vce-single-image-wrapper\" id=\"el-6458877b\" data-vce-do-apply=\"all el-6458877b\">\n<figure><a href=\"\/en\/|!|vcvUploadUrl|!|\/2020\/05\/ConstrucaoEscolasDemocraticas-UlissesFAraujo.pdf\/\" title=\"\" target=\"_blank\" class=\"vce-single-image-inner vce-single-image--absolute\" style=\"padding-bottom: 150.943%; width: 212px;\" rel=\"noopener noreferrer\"><img decoding=\"async\" class=\"vce-single-image\" src=\"|!|vcvUploadUrl|!|\/2020\/05\/livro08.png\" data-img-src=\"|!|vcvUploadUrl|!|\/2020\/05\/livro08.png\" alt=\"\" title=\"livro08\"><\/a><figcaption hidden=\"\"><\/figcaption><\/figure>\n<\/div>\n<\/div>\n<\/div>\n<\/div>\n<\/div>\n<div class=\"vce-col vce-col--md-auto vce-col--xs-1 vce-col--xs-last vce-col--xs-first vce-col--sm-last vce-col--sm-first\" id=\"el-5f818413\">\n<div class=\"vce-col-inner\" data-vce-do-apply=\"border margin background  el-5f818413\">\n<div class=\"vce-col-content\" data-vce-element-content=\"true\" data-vce-do-apply=\"padding el-5f818413\">\n<div class=\"vce-single-image-container livro vce-single-image--align-center\">\n<div class=\"vce vce-single-image-wrapper\" id=\"el-e223b871\" data-vce-do-apply=\"all el-e223b871\">\n<figure><a href=\"\/en\/|!|vcvUploadUrl|!|\/2020\/05\/AssembleiaEscolar-UlissesFAraujo.pdf\/\" title=\"\" target=\"_blank\" class=\"vce-single-image-inner vce-single-image--absolute\" style=\"padding-bottom: 139.738%; width: 229px;\" rel=\"noopener noreferrer\"><img decoding=\"async\" class=\"vce-single-image\" src=\"|!|vcvUploadUrl|!|\/2020\/05\/livro06.png\" data-img-src=\"|!|vcvUploadUrl|!|\/2020\/05\/livro06.png\" alt=\"\" title=\"livro06\"><\/a><figcaption hidden=\"\"><\/figcaption><\/figure>\n<\/div>\n<\/div>\n<\/div>\n<\/div>\n<\/div>\n<div class=\"vce-col vce-col--md-auto vce-col--xs-1 vce-col--xs-last vce-col--xs-first vce-col--sm-last vce-col--sm-first vce-col--md-last vce-col--lg-last vce-col--xl-last\" id=\"el-5ff57bb9\">\n<div class=\"vce-col-inner\" data-vce-do-apply=\"border margin background  el-5ff57bb9\">\n<div class=\"vce-col-content\" data-vce-element-content=\"true\" data-vce-do-apply=\"padding el-5ff57bb9\">\n<div class=\"vce-single-image-container livro vce-single-image--align-center\">\n<div class=\"vce vce-single-image-wrapper\" id=\"el-f9c04797\" data-vce-do-apply=\"all el-f9c04797\">\n<figure><a href=\"\/en\/|!|vcvUploadUrl|!|\/2020\/05\/ComoSeEnsinaASerMenina-MontserratMoreno.pdf\/\" title=\"\" target=\"_blank\" class=\"vce-single-image-inner vce-single-image--absolute\" style=\"padding-bottom: 150.943%; width: 212px;\" rel=\"noopener noreferrer\"><img decoding=\"async\" class=\"vce-single-image\" src=\"|!|vcvUploadUrl|!|\/2020\/05\/livrocomoseensina.png\" data-img-src=\"|!|vcvUploadUrl|!|\/2020\/05\/livrocomoseensina.png\" alt=\"\" title=\"livrocomoseensina\"><\/a><figcaption hidden=\"\"><\/figcaption><\/figure>\n<\/div>\n<\/div>\n<\/div>\n<\/div>\n<\/div>\n<\/div>\n<\/div>\n<\/div>\n<div class=\"vce-row-container\">\n<div class=\"vce-row vce-row--col-gap-15 vce-row-no-paddings vce-row-columns--top vce-row-content--top\" data-vce-full-width=\"true\" data-vce-stretch-content=\"true\" id=\"el-3f666985\" data-vce-do-apply=\"all el-3f666985\">\n<div class=\"vce-content-background-container\"><\/div>\n<div class=\"vce-row-content\" data-vce-element-content=\"true\">\n<div class=\"vce-col vce-col--md-auto vce-col--xs-1 vce-col--xs-last vce-col--xs-first vce-col--sm-last vce-col--sm-first vce-col--md-first vce-col--lg-first vce-col--xl-first\" id=\"el-c52b52e1\">\n<div class=\"vce-col-inner\" data-vce-do-apply=\"border margin background  el-c52b52e1\">\n<div class=\"vce-col-content\" data-vce-element-content=\"true\" data-vce-do-apply=\"padding el-c52b52e1\">\n<div class=\"vce-single-image-container livro vce-single-image--align-center\">\n<div class=\"vce vce-single-image-wrapper\" id=\"el-bd0c0d50\" data-vce-do-apply=\"all el-bd0c0d50\">\n<figure><a href=\"\/en\/|!|vcvUploadUrl|!|\/2020\/05\/DemocraciaEParticipacaoEscolar-JosepPuig.pdf\/\" title=\"\" target=\"_blank\" class=\"vce-single-image-inner vce-single-image--absolute\" style=\"padding-bottom: 150.235%; width: 213px;\" rel=\"noopener noreferrer\"><img decoding=\"async\" class=\"vce-single-image\" src=\"|!|vcvUploadUrl|!|\/2020\/05\/livrodemocracia.png\" data-img-src=\"|!|vcvUploadUrl|!|\/2020\/05\/livrodemocracia.png\" alt=\"\" title=\"livrodemocracia\"><\/a><figcaption hidden=\"\"><\/figcaption><\/figure>\n<\/div>\n<\/div>\n<\/div>\n<\/div>\n<\/div>\n<div class=\"vce-col vce-col--md-auto vce-col--xs-1 vce-col--xs-last vce-col--xs-first vce-col--sm-last vce-col--sm-first\" id=\"el-7369d36a\">\n<div class=\"vce-col-inner\" data-vce-do-apply=\"border margin background  el-7369d36a\">\n<div class=\"vce-col-content\" data-vce-element-content=\"true\" data-vce-do-apply=\"padding el-7369d36a\">\n<div class=\"vce-single-image-container livro vce-single-image--align-center\">\n<div class=\"vce vce-single-image-wrapper\" id=\"el-9927532e\" data-vce-do-apply=\"all el-9927532e\">\n<figure><a href=\"\/en\/|!|vcvUploadUrl|!|\/2020\/05\/FalemosDeSentimentos-MontserratMoreno.pdf\/\" title=\"\" target=\"_blank\" class=\"vce-single-image-inner vce-single-image--absolute\" style=\"padding-bottom: 150.943%; width: 212px;\" rel=\"noopener noreferrer\"><img decoding=\"async\" class=\"vce-single-image\" src=\"|!|vcvUploadUrl|!|\/2020\/05\/livrofalemos.png\" data-img-src=\"|!|vcvUploadUrl|!|\/2020\/05\/livrofalemos.png\" alt=\"\" title=\"livrofalemos\"><\/a><figcaption hidden=\"\"><\/figcaption><\/figure>\n<\/div>\n<\/div>\n<\/div>\n<\/div>\n<\/div>\n<div class=\"vce-col vce-col--md-auto vce-col--xs-1 vce-col--xs-last vce-col--xs-first vce-col--sm-last vce-col--sm-first vce-col--md-last vce-col--lg-last vce-col--xl-last\" id=\"el-6038a210\">\n<div class=\"vce-col-inner\" data-vce-do-apply=\"border margin background  el-6038a210\">\n<div class=\"vce-col-content\" data-vce-element-content=\"true\" data-vce-do-apply=\"padding el-6038a210\">\n<div class=\"vce-single-image-container livro vce-single-image--align-center\">\n<div class=\"vce vce-single-image-wrapper\" id=\"el-55eca659\" data-vce-do-apply=\"all el-55eca659\">\n<figure><a href=\"\/en\/|!|vcvUploadUrl|!|\/2020\/05\/DireitosHumanosNaSalaDeAula-UlissesFAraujo-JulioGAquino.pdf\/\" title=\"\" target=\"_blank\" class=\"vce-single-image-inner vce-single-image--absolute\" style=\"padding-bottom: 148.837%; width: 215px;\" rel=\"noopener noreferrer\"><img decoding=\"async\" class=\"vce-single-image\" src=\"|!|vcvUploadUrl|!|\/2020\/05\/livro09.png\" data-img-src=\"|!|vcvUploadUrl|!|\/2020\/05\/livro09.png\" alt=\"\" title=\"livro09\"><\/a><figcaption hidden=\"\"><\/figcaption><\/figure>\n<\/div>\n<\/div>\n<\/div>\n<\/div>\n<\/div>\n<\/div>\n<\/div>\n<\/div>\n<div class=\"vce-row-container\">\n<div class=\"vce-row vce-row--col-gap-15 vce-row-no-paddings vce-row-columns--top vce-row-content--top\" data-vce-full-width=\"true\" data-vce-stretch-content=\"true\" id=\"el-359565f3\" data-vce-do-apply=\"all el-359565f3\">\n<div class=\"vce-content-background-container\"><\/div>\n<div class=\"vce-row-content\" data-vce-element-content=\"true\">\n<div class=\"vce-col vce-col--md-auto vce-col--xs-1 vce-col--xs-last vce-col--xs-first vce-col--sm-last vce-col--sm-first vce-col--md-first vce-col--lg-first vce-col--xl-first\" id=\"el-45e29af3\">\n<div class=\"vce-col-inner\" data-vce-do-apply=\"border margin background  el-45e29af3\">\n<div class=\"vce-col-content\" data-vce-element-content=\"true\" data-vce-do-apply=\"padding el-45e29af3\">\n<div class=\"vce-single-image-container livro vce-single-image--align-center\">\n<div class=\"vce vce-single-image-wrapper\" id=\"el-a3d56a84\" data-vce-do-apply=\"all el-a3d56a84\">\n<figure><a href=\"\/en\/|!|vcvUploadUrl|!|\/2020\/05\/PraticasMorais-JosepPuig.pdf\/\" title=\"\" target=\"_blank\" class=\"vce-single-image-inner vce-single-image--absolute\" style=\"padding-bottom: 150.235%; width: 213px;\" rel=\"noopener noreferrer\"><img decoding=\"async\" class=\"vce-single-image\" src=\"|!|vcvUploadUrl|!|\/2020\/05\/livropraticasmorais.png\" data-img-src=\"|!|vcvUploadUrl|!|\/2020\/05\/livropraticasmorais.png\" alt=\"\" title=\"livropraticasmorais\"><\/a><figcaption hidden=\"\"><\/figcaption><\/figure>\n<\/div>\n<\/div>\n<\/div>\n<\/div>\n<\/div>\n<div class=\"vce-col vce-col--md-auto vce-col--xs-1 vce-col--xs-last vce-col--xs-first vce-col--sm-last vce-col--sm-first\" id=\"el-3bfb817e\">\n<div class=\"vce-col-inner\" data-vce-do-apply=\"border margin background  el-3bfb817e\">\n<div class=\"vce-col-content\" data-vce-element-content=\"true\" data-vce-do-apply=\"padding el-3bfb817e\">\n<div class=\"vce-single-image-container livro vce-single-image--align-center\">\n<div class=\"vce vce-single-image-wrapper\" id=\"el-10dd82e0\" data-vce-do-apply=\"all el-10dd82e0\">\n<figure><a href=\"\/en\/|!|vcvUploadUrl|!|\/2020\/05\/ResolucaoConflitosAprendizagemEmocional-GenovevaSastre-MontserratMoreno.pdf\/\" title=\"\" target=\"_blank\" class=\"vce-single-image-inner vce-single-image--absolute\" style=\"padding-bottom: 150.235%; width: 213px;\" rel=\"noopener noreferrer\"><img decoding=\"async\" class=\"vce-single-image\" src=\"|!|vcvUploadUrl|!|\/2020\/05\/livroresolucaoconflitos.png\" data-img-src=\"|!|vcvUploadUrl|!|\/2020\/05\/livroresolucaoconflitos.png\" alt=\"\" title=\"livroresolucaoconflitos\"><\/a><figcaption hidden=\"\"><\/figcaption><\/figure>\n<\/div>\n<\/div>\n<\/div>\n<\/div>\n<\/div>\n<div class=\"vce-col vce-col--md-auto vce-col--xs-1 vce-col--xs-last vce-col--xs-first vce-col--sm-last vce-col--sm-first vce-col--md-last vce-col--lg-last vce-col--xl-last\" id=\"el-83ca61e3\">\n<div class=\"vce-col-inner\" data-vce-do-apply=\"border margin background  el-83ca61e3\">\n<div class=\"vce-col-content\" data-vce-element-content=\"true\" data-vce-do-apply=\"padding el-83ca61e3\">\n<div class=\"vce-single-image-container livro vce-single-image--align-center\">\n<div class=\"vce vce-single-image-wrapper\" id=\"el-f0c3cdaa\" data-vce-do-apply=\"all el-f0c3cdaa\">\n<figure><a href=\"\/en\/|!|vcvUploadUrl|!|\/2020\/05\/TemasTransversaisEstrategiaProjetos-UlissesFAraujo.pdf\/\" title=\"\" target=\"_blank\" class=\"vce-single-image-inner vce-single-image--absolute\" style=\"padding-bottom: 140.351%; width: 228px;\" rel=\"noopener noreferrer\"><img decoding=\"async\" class=\"vce-single-image\" src=\"|!|vcvUploadUrl|!|\/2020\/05\/livro07.png\" data-img-src=\"|!|vcvUploadUrl|!|\/2020\/05\/livro07.png\" alt=\"\" title=\"livro07\"><\/a><figcaption hidden=\"\"><\/figcaption><\/figure>\n<\/div>\n<\/div>\n<\/div>\n<\/div>\n<\/div>\n<\/div>\n<\/div>\n<\/div>\n<p><!--vcv no format--><\/p>","protected":false},"excerpt":{"rendered":"<p>Livros para download Entre os anos de 1998 e 2005 fui coordenador de v\u00e1rias cole\u00e7\u00f5es de livros escritos por autores nacionais e estrangeiros, e publicados pela Editora Moderna. Com a descontinuidade dessas cole\u00e7\u00f5es e o distrato das obras entre a Editora Moderna e os autores, mas considerando a qualidade de alguns desses livros e sua &hellip; <\/p>\n<p><a class=\"more-link btn\" href=\"http:\/\/ulissesaraujo.com\/en\/livros\/\">Continue reading<\/a><\/p>","protected":false},"author":1,"featured_media":0,"parent":0,"menu_order":0,"comment_status":"closed","ping_status":"closed","template":"","meta":{"bgseo_title":"","bgseo_description":"","bgseo_robots_index":"","bgseo_robots_follow":"","_monsterinsights_skip_tracking":false,"_monsterinsights_sitenote_active":false,"_monsterinsights_sitenote_note":"","_monsterinsights_sitenote_category":0,"footnotes":""},"class_list":["post-65","page","type-page","status-publish","hentry","nodate","item-wrap"],"_links":{"self":[{"href":"http:\/\/ulissesaraujo.com\/en\/wp-json\/wp\/v2\/pages\/65","targetHints":{"allow":["GET"]}}],"collection":[{"href":"http:\/\/ulissesaraujo.com\/en\/wp-json\/wp\/v2\/pages"}],"about":[{"href":"http:\/\/ulissesaraujo.com\/en\/wp-json\/wp\/v2\/types\/page"}],"author":[{"embeddable":true,"href":"http:\/\/ulissesaraujo.com\/en\/wp-json\/wp\/v2\/users\/1"}],"replies":[{"embeddable":true,"href":"http:\/\/ulissesaraujo.com\/en\/wp-json\/wp\/v2\/comments?post=65"}],"version-history":[{"count":10,"href":"http:\/\/ulissesaraujo.com\/en\/wp-json\/wp\/v2\/pages\/65\/revisions"}],"predecessor-version":[{"id":504,"href":"http:\/\/ulissesaraujo.com\/en\/wp-json\/wp\/v2\/pages\/65\/revisions\/504"}],"wp:attachment":[{"href":"http:\/\/ulissesaraujo.com\/en\/wp-json\/wp\/v2\/media?parent=65"}],"curies":[{"name":"wp","href":"https:\/\/api.w.org\/{rel}","templated":true}]}}