{"id":71,"date":"2020-05-20T17:17:41","date_gmt":"2020-05-20T17:17:41","guid":{"rendered":"http:\/\/www.ulissesaraujo.com\/?page_id=71"},"modified":"2020-05-27T13:11:59","modified_gmt":"2020-05-27T13:11:59","slug":"grupos","status":"publish","type":"page","link":"http:\/\/ulissesaraujo.com\/en\/grupos\/","title":{"rendered":"Research groups"},"content":{"rendered":"<p><!--vcv no format--><\/p>\n<div class=\"vce-row-container\">\n<div class=\"vce-row vce-row--col-gap-0 vce-row-no-paddings vce-row-equal-height vce-row-columns--top vce-row-content--top\" data-vce-full-width=\"true\" data-vce-stretch-content=\"true\" id=\"el-fb2e1f95\" data-vce-do-apply=\"all el-fb2e1f95\">\n<div class=\"vce-row-content\" data-vce-element-content=\"true\">\n<div class=\"vce-col vce-col--md-auto vce-col--xs-1 vce-col--xs-last vce-col--xs-first vce-col--sm-last vce-col--sm-first vce-col--md-last vce-col--lg-last vce-col--xl-last vce-col--md-first vce-col--lg-first vce-col--xl-first\" id=\"el-4600d3bd\">\n<div class=\"vce-col-inner\" data-vce-do-apply=\"border margin background  el-4600d3bd\">\n<div class=\"vce-col-content\" data-vce-element-content=\"true\" data-vce-do-apply=\"padding el-4600d3bd\">\n<div class=\"vce-single-image-container vce-single-image--align-left\">\n<div class=\"vce vce-single-image-wrapper\" id=\"el-3b713bab\" data-vce-do-apply=\"all el-3b713bab\">\n<figure>\n<div class=\"vce-single-image-inner vce-single-image--absolute\" style=\"padding-bottom: 37.45%; width: 2000px;\"><img decoding=\"async\" class=\"vce-single-image\" src=\"|!|vcvUploadUrl|!|\/2020\/05\/fundo-pesquisa2.jpg\" data-img-src=\"|!|vcvUploadUrl|!|\/2020\/05\/fundo-pesquisa2.jpg\" alt=\"\" title=\"\"><\/div><figcaption hidden=\"\"><\/figcaption><\/figure>\n<\/div>\n<\/div>\n<div class=\"vce-google-fonts-heading vce-google-fonts-heading--align-center vce-google-fonts-heading--color-b-88-202-255--45--5C00FF--FF7200 vce-google-fonts-heading--font-family-Lato\">\n<div class=\"vce-google-fonts-heading-wrapper\">\n<div class=\"vce-google-fonts-heading--background vce\" id=\"el-43c17a89\" data-vce-do-apply=\"border background  padding margin el-43c17a89\">\n<h1 class=\"vce-google-fonts-heading-inner\" style=\"font-size: 50px; font-weight: 700;\">Research groups<\/h1>\n<\/div>\n<\/div>\n<\/div>\n<\/div>\n<\/div>\n<\/div>\n<\/div>\n<\/div>\n<\/div>\n<div class=\"vce-row-container\">\n<div class=\"vce-row vce-row--col-gap-30 vce-row-columns--top vce-row-content--top\" id=\"el-4b012ba2\" data-vce-do-apply=\"all el-4b012ba2\">\n<div class=\"vce-content-background-container\"><\/div>\n<div class=\"vce-row-content\" data-vce-element-content=\"true\">\n<div class=\"vce-col vce-col--md-auto vce-col--xs-1 vce-col--xs-last vce-col--xs-first vce-col--sm-last vce-col--sm-first vce-col--md-last vce-col--lg-last vce-col--xl-last vce-col--md-first vce-col--lg-first vce-col--xl-first\" id=\"el-7950c26e\">\n<div class=\"vce-col-inner\" data-vce-do-apply=\"border margin background  el-7950c26e\">\n<div class=\"vce-col-content\" data-vce-element-content=\"true\" data-vce-do-apply=\"padding el-7950c26e\">\n<div class=\"vce-single-image-container vce-single-image--align-center\">\n<div class=\"vce vce-single-image-wrapper\" id=\"el-0f7079ac\" data-vce-do-apply=\"all el-0f7079ac\">\n<figure><a href=\"http:\/\/nap.usp.br\/npnap\/?lang=pt\" title=\"\" target=\"_blank\" class=\"vce-single-image-inner vce-single-image--absolute\" style=\"padding-bottom: 39.8671%; width: 301px;\" rel=\"noopener noreferrer\"><img class=\"vce-single-image\" width=\"301\" height=\"120\"src=\"|!|vcvUploadUrl|!|\/2020\/05\/logoheader-1-301x120.png\" srcset=\"|!|vcvUploadUrl|!|\/2020\/05\/logoheader-1-301x120.png 301w\" data-img-src=\"|!|vcvUploadUrl|!|\/2020\/05\/logoheader-1.png\" alt=\"\" title=\"\" \/><\/a><figcaption hidden=\"\"><\/figcaption><\/figure>\n<\/div>\n<\/div>\n<div class=\"vce-google-fonts-heading vce-google-fonts-heading--align-center vce-google-fonts-heading--color-empty--45--5C00FF--FF7200 vce-google-fonts-heading--font-family-Lato\">\n<div class=\"vce-google-fonts-heading-wrapper\">\n<div class=\"vce-google-fonts-heading--background vce\" id=\"el-48b1597b\" data-vce-do-apply=\"border background  padding margin el-48b1597b\">\n<h3 class=\"vce-google-fonts-heading-inner\" style=\"font-weight: 400;\">The Research Center for New Pedagogical Architectures<\/h3>\n<\/div>\n<\/div>\n<\/div>\n<div class=\"vce-text-block paragrafo\">\n<div class=\"vce-text-block-wrapper vce\" id=\"el-ded1d65e\" data-vce-do-apply=\"all el-ded1d65e\">\n<p>The Research Center for New Pedagogical Architectures (NP-NAP) is committed to a scientific-academic approach that leads to the re-invention of education and pedagogical processes inherent to the relationships of teaching and learning at all levels and modes of education.<\/p>\n<p>The main goal of the Center is the development of researches and educational intervention programs that incorporate in its conception new languages and technologies that permeate people\u2019s life, the ethics in human relationships, and different educational cultures.<\/p>\n<p>Among other goals, the following have been established: Offering of diverse training courses for teachers and other professionals; the development of innovative ways of human-computer interaction for virtual learning environments in different platforms and languages, both for personal computers and mobile devices; the introduction of new curricula, new forms of education and representation of knowledge, aiming at building more meaningful learning; create instructional materials that incorporate new and different languages.<\/p>\n<\/div>\n<\/div>\n<\/div>\n<\/div>\n<\/div>\n<\/div>\n<\/div>\n<\/div>\n<div class=\"vce-row-container\">\n<div class=\"vce-row vce-row--col-gap-30 vce-row-columns--top vce-row-content--top\" id=\"el-526e0227\" data-vce-do-apply=\"all el-526e0227\">\n<div class=\"vce-content-background-container\"><\/div>\n<div class=\"vce-row-content\" data-vce-element-content=\"true\">\n<div class=\"vce-col vce-col--md-auto vce-col--xs-1 vce-col--xs-last vce-col--xs-first vce-col--sm-last vce-col--sm-first vce-col--md-last vce-col--lg-last vce-col--xl-last vce-col--md-first vce-col--lg-first vce-col--xl-first\" id=\"el-a13eb319\">\n<div class=\"vce-col-inner\" data-vce-do-apply=\"border margin background  el-a13eb319\">\n<div class=\"vce-col-content\" data-vce-element-content=\"true\" data-vce-do-apply=\"padding el-a13eb319\">\n<div class=\"vce-single-image-container vce-single-image--align-center\">\n<div class=\"vce vce-single-image-wrapper\" id=\"el-884b01e0\" data-vce-do-apply=\"all el-884b01e0\">\n<figure><a href=\"http:\/\/www.panpbl.org\/\" title=\"\" target=\"_blank\" class=\"vce-single-image-inner vce-single-image--absolute\" style=\"padding-bottom: 39.604%; width: 303px;\" rel=\"noopener noreferrer\"><img class=\"vce-single-image\" width=\"303\" height=\"120\"src=\"|!|vcvUploadUrl|!|\/2020\/05\/logoPBL-1-303x120.jpg\" srcset=\"|!|vcvUploadUrl|!|\/2020\/05\/logoPBL-1-303x120.jpg 303w\" data-img-src=\"|!|vcvUploadUrl|!|\/2020\/05\/logoPBL-1.jpg\" alt=\"\" title=\"\" \/><\/a><figcaption hidden=\"\"><\/figcaption><\/figure>\n<\/div>\n<\/div>\n<div class=\"vce-text-block paragrafo\">\n<div class=\"vce-text-block-wrapper vce\" id=\"el-a724e188\" data-vce-do-apply=\"all el-a724e188\">\n<p>The <strong>PAN-PBL: Association of Problem-Based Learning and Active Learning Methodologies<\/strong> aims to promote educational forums for professionals representing a wide variety of positions and knowledge on Problem-Based Learning and Active Learning Methodologies, as well as communication, cooperation and scientific research for individuals and institutions.<\/p>\n<\/div>\n<\/div>\n<\/div>\n<\/div>\n<\/div>\n<\/div>\n<\/div>\n<\/div>\n<div class=\"vce-row-container\">\n<div class=\"vce-row vce-row--col-gap-30 vce-row-columns--top vce-row-content--top\" id=\"el-18eb7512\" data-vce-do-apply=\"all el-18eb7512\">\n<div class=\"vce-content-background-container\"><\/div>\n<div class=\"vce-row-content\" data-vce-element-content=\"true\">\n<div class=\"vce-col vce-col--md-auto vce-col--xs-1 vce-col--xs-last vce-col--xs-first vce-col--sm-last vce-col--sm-first vce-col--md-last vce-col--lg-last vce-col--xl-last vce-col--md-first vce-col--lg-first vce-col--xl-first\" id=\"el-cfd237fc\">\n<div class=\"vce-col-inner\" data-vce-do-apply=\"border margin background  el-cfd237fc\">\n<div class=\"vce-col-content\" data-vce-element-content=\"true\" data-vce-do-apply=\"padding el-cfd237fc\">\n<div class=\"vce-single-image-container vce-single-image--align-center\">\n<div class=\"vce vce-single-image-wrapper\" id=\"el-fe5d65bc\" data-vce-do-apply=\"all el-fe5d65bc\">\n<figure><a href=\"http:\/\/www.thegoodprojectbrasil.org\/\" title=\"\" target=\"_blank\" class=\"vce-single-image-inner vce-single-image--absolute\" style=\"padding-bottom: 45%; width: 300px;\" rel=\"noopener noreferrer\"><img class=\"vce-single-image\" width=\"300\" height=\"135\"src=\"|!|vcvUploadUrl|!|\/2020\/05\/GPB-300x135.jpg\" srcset=\"|!|vcvUploadUrl|!|\/2020\/05\/GPB-300x135.jpg 300w\" data-img-src=\"|!|vcvUploadUrl|!|\/2020\/05\/GPB.jpg\" alt=\"\" title=\"\" \/><\/a><figcaption hidden=\"\"><\/figcaption><\/figure>\n<\/div>\n<\/div>\n<div class=\"vce-text-block paragrafo\">\n<div class=\"vce-text-block-wrapper vce\" id=\"el-d60c380f\" data-vce-do-apply=\"all el-d60c380f\">\n<p>The <strong>GoodProject Brasil<\/strong> is an initiative of the Research Center for New Pedagogical Architectures at the University of S\u00e3o Paulo, directed by Prof. Ulisses Araujo. In collaboration with the Good Project team directed by Prof. Howard Gardner, and linked to Project Zero at Harvard Graduate School of Education, we seek to bring to Brazil the principles that support this program in the United States and other countries around the world. <strong>Good Project<\/strong>, que est\u00e1 vinculado ao Project Zero da Harvard Graduate School of Education, sob a coordena\u00e7\u00e3o de Howard Gardner, buscamos trazer para o Brasil os princ\u00edpios que sustentam esse programa nos Estados Unidos e em outros pa\u00edses do mundo.<\/p>\n<p>In Brazil, over the next few years, our goal is to create educational resources, offer courses and develop active methodologies that help Brazilian youth in building purposeful projects based on the principles of ethics, excellence, and engagement.<\/p>\n<\/div>\n<\/div>\n<\/div>\n<\/div>\n<\/div>\n<\/div>\n<\/div>\n<\/div>\n<p><!--vcv no format--><\/p>","protected":false},"excerpt":{"rendered":"<p>Grupos de Pesquisa N\u00facleo de Pesquisas em Novas Arquiteturas Pedag\u00f3gicas O N\u00facleo de Pesquisas em Novas Arquiteturas Pedag\u00f3gicas (NP-NAP) se dedica a promover estudos, pesquisas e a\u00e7\u00f5es de interven\u00e7\u00e3o que levem \u00e0 reinven\u00e7\u00e3o da educa\u00e7\u00e3o e dos processos pedag\u00f3gicos inerentes \u00e0s rela\u00e7\u00f5es de ensino e de aprendizagem, em todos os n\u00edveis e modalidades. O principal &hellip; <\/p>\n<p><a class=\"more-link btn\" href=\"http:\/\/ulissesaraujo.com\/en\/grupos\/\">Continue reading<\/a><\/p>","protected":false},"author":1,"featured_media":0,"parent":0,"menu_order":0,"comment_status":"closed","ping_status":"closed","template":"","meta":{"bgseo_title":"","bgseo_description":"","bgseo_robots_index":"","bgseo_robots_follow":"","_monsterinsights_skip_tracking":false,"_monsterinsights_sitenote_active":false,"_monsterinsights_sitenote_note":"","_monsterinsights_sitenote_category":0,"footnotes":""},"class_list":["post-71","page","type-page","status-publish","hentry","nodate","item-wrap"],"_links":{"self":[{"href":"http:\/\/ulissesaraujo.com\/en\/wp-json\/wp\/v2\/pages\/71","targetHints":{"allow":["GET"]}}],"collection":[{"href":"http:\/\/ulissesaraujo.com\/en\/wp-json\/wp\/v2\/pages"}],"about":[{"href":"http:\/\/ulissesaraujo.com\/en\/wp-json\/wp\/v2\/types\/page"}],"author":[{"embeddable":true,"href":"http:\/\/ulissesaraujo.com\/en\/wp-json\/wp\/v2\/users\/1"}],"replies":[{"embeddable":true,"href":"http:\/\/ulissesaraujo.com\/en\/wp-json\/wp\/v2\/comments?post=71"}],"version-history":[{"count":10,"href":"http:\/\/ulissesaraujo.com\/en\/wp-json\/wp\/v2\/pages\/71\/revisions"}],"predecessor-version":[{"id":508,"href":"http:\/\/ulissesaraujo.com\/en\/wp-json\/wp\/v2\/pages\/71\/revisions\/508"}],"wp:attachment":[{"href":"http:\/\/ulissesaraujo.com\/en\/wp-json\/wp\/v2\/media?parent=71"}],"curies":[{"name":"wp","href":"https:\/\/api.w.org\/{rel}","templated":true}]}}