{"id":794,"date":"2020-06-07T11:51:18","date_gmt":"2020-06-07T11:51:18","guid":{"rendered":"http:\/\/www.ulissesaraujo.com\/?page_id=794"},"modified":"2020-06-11T01:16:23","modified_gmt":"2020-06-11T01:16:23","slug":"blog","status":"publish","type":"page","link":"https:\/\/ulissesaraujo.com\/en\/blog\/","title":{"rendered":"Blog Educa\u00e7\u00e3o &#038; Cidadania"},"content":{"rendered":"<p><!--vcv no format--><\/p>\n<div class=\"vce-row-container\">\n<div class=\"vce-row vce-row--col-gap-0 vce-row-no-paddings vce-row-columns--top vce-row-content--top\" data-vce-full-width=\"true\" data-vce-stretch-content=\"true\" id=\"el-4c2baaf4\" data-vce-do-apply=\"all el-4c2baaf4\">\n<div class=\"vce-content-background-container\"><\/div>\n<div class=\"vce-row-content\" data-vce-element-content=\"true\">\n<div class=\"vce-col vce-col--md-auto vce-col--xs-1 vce-col--xs-last vce-col--xs-first vce-col--sm-last vce-col--sm-first vce-col--md-last vce-col--lg-last vce-col--xl-last vce-col--md-first vce-col--lg-first vce-col--xl-first\" id=\"el-cbeb642c\">\n<div class=\"vce-col-inner\" data-vce-do-apply=\"border margin background  el-cbeb642c\">\n<div class=\"vce-col-content\" data-vce-element-content=\"true\" data-vce-do-apply=\"padding el-cbeb642c\">\n<div class=\"vce-single-image-container vce-single-image--align-center\">\n<div class=\"vce vce-single-image-wrapper\" id=\"el-fca0da08\" data-vce-do-apply=\"all el-fca0da08\">\n<figure>\n<div class=\"vce-single-image-inner vce-single-image--absolute\" style=\"padding-bottom: 36.4583%; width: 1920px;\"><img class=\"vce-single-image\" width=\"1920\" height=\"700\"src=\"|!|vcvUploadUrl|!|\/2020\/06\/police-2602626_1920-1920x700.jpg\" srcset=\"|!|vcvUploadUrl|!|\/2020\/06\/police-2602626_1920-320x117.jpg 320w,|!|vcvUploadUrl|!|\/2020\/06\/police-2602626_1920-480x175.jpg 480w,|!|vcvUploadUrl|!|\/2020\/06\/police-2602626_1920-800x292.jpg 800w,|!|vcvUploadUrl|!|\/2020\/06\/police-2602626_1920-1920x700.jpg 1920w\" data-img-src=\"|!|vcvUploadUrl|!|\/2020\/06\/police-2602626_1920.jpg\" alt=\"\" title=\"\" \/><\/div><figcaption hidden=\"\"><\/figcaption><\/figure>\n<\/div>\n<\/div>\n<div class=\"vce-google-fonts-heading vce-google-fonts-heading--align-center vce-google-fonts-heading--color-b-88-202-255--45--5C00FF--FF7200 vce-google-fonts-heading--font-family-Lato\">\n<div class=\"vce-google-fonts-heading-wrapper\">\n<div class=\"vce-google-fonts-heading--background vce\" id=\"el-adf7d514\" data-vce-do-apply=\"border background  padding margin el-adf7d514\">\n<h1 class=\"vce-google-fonts-heading-inner\" style=\"font-weight: 900;\">Education &amp; Citizenship  Blog<\/h1>\n<\/div>\n<\/div>\n<\/div>\n<div class=\"vce-text-block\">\n<div class=\"vce-text-block-wrapper vce\" id=\"el-d870d1f9\" data-vce-do-apply=\"all el-d870d1f9\">\n<h3 style=\"text-align: right; line-height: 0.3; margin-top: 15px;\"><span style=\"font-weight: bold; font-style: normal; color: #00ccff; font-size: 19pt;\">Ulisses F. Araujo<\/span><\/h3>\n<h3 style=\"text-align: right; line-height: 0.2;\"><span style=\"font-weight: bold; font-style: normal; color: #00ccff; font-size: 15pt;\">Senior Full Professor<\/span><\/h3>\n<h3 style=\"text-align: right; line-height: 0.2;\"><span style=\"color: #00ccff; font-weight: bold; font-style: normal; font-size: 15pt;\">University of Sao Paulo, Brazil<\/span><\/h3>\n<h3 style=\"text-align: right; line-height: 0.2;\"><span style=\"color: #00ccff; font-weight: bold; font-style: normal; font-size: 15pt;\">uliarau@usp.br<\/span><\/h3>\n<p style=\"text-align: center; padding-top: 20px;\"><span style=\"font-style: normal;\">This is a reflection and action space, aimed at publishing texts that favor the construction of a more just, solidary, and happy life for each and every being on the planet. Although education is the main reference and personal and collective responsibility are the principles for action, other challenging, complex, and hot themes will be addressed and discussed in this blog.\n\n\nThe original texts are written in Portuguese. However, we will add to this English version of the blog a rough Google Translation.<\/span><\/p>\n<\/div>\n<\/div>\n<div class=\"vce vce-separator-container vce-separator--align-center vce-separator--style-solid\" id=\"el-12d4e614\" data-vce-do-apply=\"margin el-12d4e614\">\n<div class=\"vce-separator vce-separator--color-bfc0c1 vce-separator--width-60 vce-separator--thickness-1\" data-vce-do-apply=\"border padding background  el-12d4e614\"><\/div>\n<\/div>\n<\/div>\n<\/div>\n<\/div>\n<\/div>\n<\/div>\n<\/div>\n<div class=\"vce-row-container\">\n<div class=\"vce-row vce-row--col-gap-30 vce-row-columns--top vce-row-content--top\" id=\"el-4307524d\" data-vce-do-apply=\"all el-4307524d\">\n<div class=\"vce-row-content\" data-vce-element-content=\"true\">\n<div class=\"vce-col vce-col--md-auto vce-col--xs-1 vce-col--xs-last vce-col--xs-first vce-col--sm-last vce-col--sm-first vce-col--md-last vce-col--lg-last vce-col--xl-last vce-col--md-first vce-col--lg-first vce-col--xl-first\" id=\"el-b1517cec\">\n<div class=\"vce-col-inner\" data-vce-do-apply=\"border margin background  el-b1517cec\">\n<div class=\"vce-col-content\" data-vce-element-content=\"true\" data-vce-do-apply=\"padding el-b1517cec\">\n<div class=\"vce-text-block\">\n<div class=\"vce-text-block-wrapper vce\" id=\"el-25854116\" data-vce-do-apply=\"all el-25854116\"><style>.wp-show-posts-columns#wpsp-747 {margin-left: -2em; }.wp-show-posts-columns#wpsp-747 .wp-show-posts-inner {margin: 0 0 2em 2em; }<\/style><section id=\"wpsp-747\" class=\"wp-show-posts-columns wp-show-posts\" style=\"\"><article class=\"wp-show-posts-single post-866 post type-post status-publish format-standard has-post-thumbnail hentry category-uncategorized-pt nodate item-wrap wpsp-col-6\" itemtype=\"http:\/\/schema.org\/CreativeWork\" itemscope><div class=\"wp-show-posts-inner\" style=\"\">\t\t<div class=\"wp-show-posts-image  wpsp-image-center\">\n\t\t\t<a href=\"https:\/\/ulissesaraujo.com\/en\/2020\/09\/24\/o-pandemonio-escolar-na-pandemia\/\"  title=\"The School Pandemonium in the COVID-19 Pandemic\">\t\t\t\t\t<img decoding=\"async\" src=\"https:\/\/ulissesaraujo.com\/wp-content\/uploads\/2020\/09\/CabBlog-1000x350.jpg\" alt=\"O Pandem\u00f4nio Escolar na Pandemia\" itemprop=\"image\" class=\"center\" \/>\n\t\t\t\t<\/a>\t\t<\/div>\n\t\t\t\t\t\t\t\t<header class=\"wp-show-posts-entry-header\">\n\t\t\t\t\t\t\t<h2 class=\"wp-show-posts-entry-title\" itemprop=\"headline\"><a href=\"https:\/\/ulissesaraujo.com\/en\/2020\/09\/24\/o-pandemonio-escolar-na-pandemia\/\" rel=\"bookmark\">The School Pandemonium in the COVID-19 Pandemic<\/a><\/h2><div class=\"wp-show-posts-entry-meta wp-show-posts-entry-meta-below-title post-meta-inline\"><span class=\"wp-show-posts-byline wp-show-posts-meta\">\n\t\t\t\t\t<span class=\"wp-show-posts-author vcard\" itemtype=\"http:\/\/schema.org\/Person\" itemscope=\"itemscope\" itemprop=\"author\">\n\t\t\t\t\t\t<a class=\"url fn n\" href=\"https:\/\/ulissesaraujo.com\/en\/author\/ulissesaraujo_cgaz2m\/\" title=\"View all posts by Ulisses F. Araujo\" rel=\"author\" itemprop=\"url\">\n\t\t\t\t\t\t\t<span class=\"author-name\" itemprop=\"name\">Ulisses F. Araujo<\/span>\n\t\t\t\t\t\t<\/a>\n\t\t\t\t\t<\/span>\n\t\t\t\t<\/span> <span class=\"wp-show-posts-separator\">|<\/span> <span class=\"wp-show-posts-posted-on wp-show-posts-meta\">\n\t\t\t\t\t<a href=\"https:\/\/ulissesaraujo.com\/en\/2020\/09\/24\/o-pandemonio-escolar-na-pandemia\/\" title=\"5:06 pm\" rel=\"bookmark\"><time class=\"wp-show-posts-entry-date published\" datetime=\"2020-09-24T17:06:25+00:00\" itemprop=\"datePublished\">September 24, 2020<\/time><time class=\"wp-show-posts-updated\" datetime=\"2020-09-27T20:58:53+00:00\" itemprop=\"dateModified\">September 27, 2020<\/time><\/a>\n\t\t\t\t<\/span><\/div>\t\t\t\t\t\t<\/header><!-- .entry-header -->\n\t\t\t\t\t\t\t\t\t\t\t<div class=\"wp-show-posts-entry-summary\" itemprop=\"text\">\n\t\t\t\t\t\t\t<p>It's been nine months since the world began to face this unusual and painful situation of the COVID-19 pandemic, which has had so many effects on the lives of most of the planet's inhabitants. In addition to the moments of fear, pain, empathy, anger, hope, hopelessness, and varied reflections on life and society, I have experienced all of this paradoxically in my multiple social roles. As the father of a school-age child, a researcher in the field of education, politically engaged citizen, and university professor, reflecting on the impact of this pandemic on the various actors and institutions of the educational universe leads me to understand that the term pandemonium, in its figurative form, is what best reflects...<\/p>\n\t\t\t\t\t\t<\/div><!-- .entry-summary -->\n\t\t\t\t\t<div class=\"wpsp-read-more\"><a title=\"The School Pandemonium in the COVID-19 Pandemic\" class=\"wp-show-posts-read-more\" href=\"https:\/\/ulissesaraujo.com\/en\/2020\/09\/24\/o-pandemonio-escolar-na-pandemia\/\">More...<\/a><\/div><\/div><!-- wp-show-posts-inner --><\/article><article class=\"wp-show-posts-single post-760 post type-post status-publish format-standard has-post-thumbnail hentry category-uncategorized-pt nodate item-wrap wpsp-col-6\" itemtype=\"http:\/\/schema.org\/CreativeWork\" itemscope><div class=\"wp-show-posts-inner\" style=\"\">\t\t<div class=\"wp-show-posts-image  wpsp-image-center\">\n\t\t\t<a href=\"https:\/\/ulissesaraujo.com\/en\/2020\/06\/06\/os-direitos-humanos-e-as-novas-cruzadas\/\"  title=\"The human rights and the new crusades\">\t\t\t\t\t<img decoding=\"async\" src=\"https:\/\/ulissesaraujo.com\/wp-content\/uploads\/2020\/06\/human-rights-3805188_1920-1000x350.jpg\" alt=\"Os Direitos humanos e as novas cruzadas\" itemprop=\"image\" class=\"center\" \/>\n\t\t\t\t<\/a>\t\t<\/div>\n\t\t\t\t\t\t\t\t<header class=\"wp-show-posts-entry-header\">\n\t\t\t\t\t\t\t<h2 class=\"wp-show-posts-entry-title\" itemprop=\"headline\"><a href=\"https:\/\/ulissesaraujo.com\/en\/2020\/06\/06\/os-direitos-humanos-e-as-novas-cruzadas\/\" rel=\"bookmark\">The human rights and the new crusades<\/a><\/h2><div class=\"wp-show-posts-entry-meta wp-show-posts-entry-meta-below-title post-meta-inline\"><span class=\"wp-show-posts-byline wp-show-posts-meta\">\n\t\t\t\t\t<span class=\"wp-show-posts-author vcard\" itemtype=\"http:\/\/schema.org\/Person\" itemscope=\"itemscope\" itemprop=\"author\">\n\t\t\t\t\t\t<a class=\"url fn n\" href=\"https:\/\/ulissesaraujo.com\/en\/author\/ulissesaraujo_cgaz2m\/\" title=\"View all posts by Ulisses F. Araujo\" rel=\"author\" itemprop=\"url\">\n\t\t\t\t\t\t\t<span class=\"author-name\" itemprop=\"name\">Ulisses F. Araujo<\/span>\n\t\t\t\t\t\t<\/a>\n\t\t\t\t\t<\/span>\n\t\t\t\t<\/span> <span class=\"wp-show-posts-separator\">|<\/span> <span class=\"wp-show-posts-posted-on wp-show-posts-meta\">\n\t\t\t\t\t<a href=\"https:\/\/ulissesaraujo.com\/en\/2020\/06\/06\/os-direitos-humanos-e-as-novas-cruzadas\/\" title=\"4:13 pm\" rel=\"bookmark\"><time class=\"wp-show-posts-entry-date published\" datetime=\"2020-06-06T16:13:24+00:00\" itemprop=\"datePublished\">June 6, 2020<\/time><time class=\"wp-show-posts-updated\" datetime=\"2020-06-11T01:10:54+00:00\" itemprop=\"dateModified\">June 11, 2020<\/time><\/a>\n\t\t\t\t<\/span><\/div>\t\t\t\t\t\t<\/header><!-- .entry-header -->\n\t\t\t\t\t\t\t\t\t\t\t<div class=\"wp-show-posts-entry-summary\" itemprop=\"text\">\n\t\t\t\t\t\t\t<p>&nbsp; 2018 was a special year for the world as it celebrated the 70th anniversary of the promulgation of the Universal Declaration of Human Rights (UDHR) by the United Nations. This document became a milestone in civilization's history because it brought to the center of international politics a pact around the rights of each and every human being. The year of 2018 was especially emblematic for Brazilian society, also because it celebrated the 30th anniversary of the new Brazilian constitution, after two decades of military dictatorship...<\/p>\n\t\t\t\t\t\t<\/div><!-- .entry-summary -->\n\t\t\t\t\t<div class=\"wpsp-read-more\"><a title=\"The human rights and the new crusades\" class=\"wp-show-posts-read-more\" href=\"https:\/\/ulissesaraujo.com\/en\/2020\/06\/06\/os-direitos-humanos-e-as-novas-cruzadas\/\">More...<\/a><\/div><\/div><!-- wp-show-posts-inner --><\/article><article class=\"wp-show-posts-single post-749 post type-post status-publish format-standard has-post-thumbnail hentry category-uncategorized-pt nodate item-wrap wpsp-col-6\" itemtype=\"http:\/\/schema.org\/CreativeWork\" itemscope><div class=\"wp-show-posts-inner\" style=\"\">\t\t<div class=\"wp-show-posts-image  wpsp-image-center\">\n\t\t\t<a href=\"https:\/\/ulissesaraujo.com\/en\/2020\/06\/03\/dhcruzadas\/\"  title=\"Innovating the Higher Education: the East USP campus\">\t\t\t\t\t<img decoding=\"async\" src=\"https:\/\/ulissesaraujo.com\/wp-content\/uploads\/2020\/06\/eye-3395988_1920-1000x350.jpg\" alt=\"Inovando o ensino superior\" itemprop=\"image\" class=\"center\" \/>\n\t\t\t\t<\/a>\t\t<\/div>\n\t\t\t\t\t\t\t\t<header class=\"wp-show-posts-entry-header\">\n\t\t\t\t\t\t\t<h2 class=\"wp-show-posts-entry-title\" itemprop=\"headline\"><a href=\"https:\/\/ulissesaraujo.com\/en\/2020\/06\/03\/dhcruzadas\/\" rel=\"bookmark\">Innovating the Higher Education: the East USP campus<\/a><\/h2><div class=\"wp-show-posts-entry-meta wp-show-posts-entry-meta-below-title post-meta-inline\"><span class=\"wp-show-posts-byline wp-show-posts-meta\">\n\t\t\t\t\t<span class=\"wp-show-posts-author vcard\" itemtype=\"http:\/\/schema.org\/Person\" itemscope=\"itemscope\" itemprop=\"author\">\n\t\t\t\t\t\t<a class=\"url fn n\" href=\"https:\/\/ulissesaraujo.com\/en\/author\/ulissesaraujo_cgaz2m\/\" title=\"View all posts by Ulisses F. Araujo\" rel=\"author\" itemprop=\"url\">\n\t\t\t\t\t\t\t<span class=\"author-name\" itemprop=\"name\">Ulisses F. Araujo<\/span>\n\t\t\t\t\t\t<\/a>\n\t\t\t\t\t<\/span>\n\t\t\t\t<\/span> <span class=\"wp-show-posts-separator\">|<\/span> <span class=\"wp-show-posts-posted-on wp-show-posts-meta\">\n\t\t\t\t\t<a href=\"https:\/\/ulissesaraujo.com\/en\/2020\/06\/03\/dhcruzadas\/\" title=\"8:34 pm\" rel=\"bookmark\"><time class=\"wp-show-posts-entry-date published\" datetime=\"2020-06-03T20:34:23+00:00\" itemprop=\"datePublished\">June 3, 2020<\/time><time class=\"wp-show-posts-updated\" datetime=\"2020-06-08T23:42:19+00:00\" itemprop=\"dateModified\">June 8, 2020<\/time><\/a>\n\t\t\t\t<\/span><\/div>\t\t\t\t\t\t<\/header><!-- .entry-header -->\n\t\t\t\t\t\t\t\t\t\t\t<div class=\"wp-show-posts-entry-summary\" itemprop=\"text\">\n\t\t\t\t\t\t\t<p>&nbsp; You can watch below my video-presentation in the Panel \"Research for what?\", held on 06\/01\/2020. In the discussion, I present the still innovative 15 years-old campus of the University of Sao Paulo, called School of Arts, Sciences and Humanities. The video is in Portuguese, and soon I will add subtitles in English. &nbsp;<\/p>\n\t\t\t\t\t\t<\/div><!-- .entry-summary -->\n\t\t\t\t\t<div class=\"wpsp-read-more\"><a title=\"Innovating the Higher Education: the East USP campus\" class=\"wp-show-posts-read-more\" href=\"https:\/\/ulissesaraujo.com\/en\/2020\/06\/03\/dhcruzadas\/\">More...<\/a><\/div><\/div><!-- wp-show-posts-inner --><\/article><div class=\"wpsp-clear\"><\/div><\/section><!-- .wp-show-posts --><\/div>\n<\/div>\n<\/div>\n<\/div>\n<\/div>\n<\/div>\n<\/div>\n<\/div>\n<p><!--vcv no format--><\/p>","protected":false},"excerpt":{"rendered":"<p>Blog&nbsp; &nbsp;Educa\u00e7\u00e3o&nbsp; &amp;&nbsp; Cidadania Ulisses F. Araujo Professor Titular S\u00eanior Universidade de S\u00e3o Paulo uliarau@usp.br Este \u00e9 um espa\u00e7o de reflex\u00e3o e a\u00e7\u00e3o, voltado para a publica\u00e7\u00e3o de textos que reflitam as lutas da sociedade em prol da constru\u00e7\u00e3o de uma vida mais justa, solid\u00e1ria e feliz, para cada um e para todos os seres &hellip; <\/p>\n<p><a class=\"more-link btn\" href=\"https:\/\/ulissesaraujo.com\/en\/2020\/06\/03\/dhcruzadas\/\">Continue reading<\/a><\/p>","protected":false},"author":1,"featured_media":193,"parent":0,"menu_order":0,"comment_status":"closed","ping_status":"closed","template":"","meta":{"bgseo_title":"","bgseo_description":"","bgseo_robots_index":"index","bgseo_robots_follow":"follow","_monsterinsights_skip_tracking":false,"_monsterinsights_sitenote_active":false,"_monsterinsights_sitenote_note":"","_monsterinsights_sitenote_category":0,"footnotes":""},"class_list":["post-794","page","type-page","status-publish","has-post-thumbnail","hentry","nodate","item-wrap"],"_links":{"self":[{"href":"https:\/\/ulissesaraujo.com\/en\/wp-json\/wp\/v2\/pages\/794","targetHints":{"allow":["GET"]}}],"collection":[{"href":"https:\/\/ulissesaraujo.com\/en\/wp-json\/wp\/v2\/pages"}],"about":[{"href":"https:\/\/ulissesaraujo.com\/en\/wp-json\/wp\/v2\/types\/page"}],"author":[{"embeddable":true,"href":"https:\/\/ulissesaraujo.com\/en\/wp-json\/wp\/v2\/users\/1"}],"replies":[{"embeddable":true,"href":"https:\/\/ulissesaraujo.com\/en\/wp-json\/wp\/v2\/comments?post=794"}],"version-history":[{"count":10,"href":"https:\/\/ulissesaraujo.com\/en\/wp-json\/wp\/v2\/pages\/794\/revisions"}],"predecessor-version":[{"id":851,"href":"https:\/\/ulissesaraujo.com\/en\/wp-json\/wp\/v2\/pages\/794\/revisions\/851"}],"wp:featuredmedia":[{"embeddable":true,"href":"https:\/\/ulissesaraujo.com\/en\/wp-json\/wp\/v2\/media\/193"}],"wp:attachment":[{"href":"https:\/\/ulissesaraujo.com\/en\/wp-json\/wp\/v2\/media?parent=794"}],"curies":[{"name":"wp","href":"https:\/\/api.w.org\/{rel}","templated":true}]}}